{"id":25,"date":"2017-07-03T08:48:34","date_gmt":"2017-07-03T06:48:34","guid":{"rendered":"http:\/\/solutionsbhp.pl\/?page_id=25"},"modified":"2022-05-20T10:36:25","modified_gmt":"2022-05-20T08:36:25","slug":"kontakt","status":"publish","type":"page","link":"https:\/\/solutionsbhp.pl\/kontakt\/","title":{"rendered":"Kontakt"},"content":{"rendered":"<p>[vc_row][vc_column width=&#8221;1\/2&#8243;]<div role=\"form\" class=\"wpcf7\" id=\"wpcf7-f71-o1\" lang=\"pl-PL\" dir=\"ltr\">\n<div class=\"screen-reader-response\"><p role=\"status\" aria-live=\"polite\" aria-atomic=\"true\"><\/p> <ul><\/ul><\/div>\n<form action=\"\/wp-json\/wp\/v2\/pages\/25#wpcf7-f71-o1\" method=\"post\" class=\"wpcf7-form init\" novalidate=\"novalidate\" data-status=\"init\">\n<div style=\"display: none;\">\n<input type=\"hidden\" name=\"_wpcf7\" value=\"71\" \/>\n<input type=\"hidden\" name=\"_wpcf7_version\" value=\"5.5.6\" \/>\n<input type=\"hidden\" name=\"_wpcf7_locale\" value=\"pl_PL\" \/>\n<input type=\"hidden\" name=\"_wpcf7_unit_tag\" value=\"wpcf7-f71-o1\" \/>\n<input type=\"hidden\" name=\"_wpcf7_container_post\" value=\"0\" \/>\n<input type=\"hidden\" name=\"_wpcf7_posted_data_hash\" value=\"\" \/>\n<input type=\"hidden\" name=\"_wpcf7_recaptcha_response\" value=\"\" \/>\n<\/div>\n<div id=\"commentform\">\n<p class=\"one-half\"><label>Imi\u0119 i nazwisko *<\/label><span class=\"wpcf7-form-control-wrap your-name\"><input type=\"text\" name=\"your-name\" value=\"\" size=\"40\" class=\"wpcf7-form-control wpcf7-text wpcf7-validates-as-required\" aria-required=\"true\" aria-invalid=\"false\" \/><\/span> <\/p>\n<p class=\"one-half\"><label>Nazwa firmy *<\/label><span class=\"wpcf7-form-control-wrap your-company\"><input type=\"text\" name=\"your-company\" value=\"\" size=\"40\" class=\"wpcf7-form-control wpcf7-text wpcf7-validates-as-required\" aria-required=\"true\" aria-invalid=\"false\" \/><\/span> <\/p>\n<p class=\"one-half\"><label>Telefon<\/label><span class=\"wpcf7-form-control-wrap your-phone\"><input type=\"tel\" name=\"your-phone\" value=\"\" size=\"40\" class=\"wpcf7-form-control wpcf7-text wpcf7-tel wpcf7-validates-as-tel\" aria-invalid=\"false\" \/><\/span> <\/p>\n<p class=\"one-half\"><label>Adres email *<\/label><span class=\"wpcf7-form-control-wrap your-email\"><input type=\"email\" name=\"your-email\" value=\"\" size=\"40\" class=\"wpcf7-form-control wpcf7-text wpcf7-email wpcf7-validates-as-required wpcf7-validates-as-email\" aria-required=\"true\" aria-invalid=\"false\" \/><\/span> <\/p>\n<p><label>Tre\u015b\u0107 wiadomo\u015bci *<\/label><span class=\"wpcf7-form-control-wrap your-message\"><textarea name=\"your-message\" cols=\"40\" rows=\"10\" class=\"wpcf7-form-control wpcf7-textarea\" aria-invalid=\"false\"><\/textarea><\/span> <\/p>\n<p><input type=\"submit\" value=\"Wy\u015blij\" class=\"wpcf7-form-control has-spinner wpcf7-submit btn-ripple\" \/><\/p>\n<p style=\"font-size:14px; line-height: 20px;\">Wysy\u0142aj\u0105c formularz akceptujesz zasady polityki prywatno\u015bci serwisu <a href=\"http:\/\/www.solutionsbhp.pl\" target=\"_blank\">www.solutionsbhp.pl<\/a><br \/>\nInformacje zawarte w formularzu b\u0119d\u0105 wykorzystywane przez nasz\u0105 firm\u0119 wy\u0142\u0105cznie w celach wsp\u00f3\u0142pracy.\n<\/p>\n<\/div>\n<div class=\"wpcf7-response-output\" aria-hidden=\"true\"><\/div><\/form><\/div>[\/vc_column][vc_column width=&#8221;1\/2&#8243;][vc_column_text]<\/p>\n<div style=\"line-height: 28px; margin-bottom: 20px;\">Solutions &amp; BHP<br \/>\nul. Orawska 3\/6<br \/>\n30-501 Krak\u00f3w<\/div>\n<div style=\"margin-bottom: 6px;\"><i class=\"zmdi zmdi-smartphone-iphone\" style=\"font-size: 18px; color: #44b3e6; margin-right: 10px;\"><\/i><a href=\"callto:+48690935635\">690 935 635<\/a><\/div>\n<div style=\"margin-bottom: 6px;\"><i class=\"zmdi zmdi-markunread-mailbox\" style=\"font-size: 18px; color: #44b3e6; margin-right: 10px;\"><\/i><a href=\"mailto:kontakt@solutionsbhp.pl\">kontakt@solutionsbhp.pl<\/a><\/div>\n<div style=\"margin-bottom: 6px;\"><i class=\"zmdi zmdi-case\" style=\"font-size: 18px; color: #44b3e6; margin-right: 10px;\"><\/i>NIP: 9451956521, REGON: 367460964<\/div>\n<div style=\"margin-bottom: 6px;\"><i class=\"zmdi zmdi-balance\" style=\"font-size: 18px; color: #44b3e6; margin-right: 10px;\"><\/i>ING Bank \u015al\u0105ski 70 1050 1445 1000 0091 1862 8024<\/div>\n<p>[\/vc_column_text][vc_gmaps link=&#8221;#E-8_JTNDaWZyYW1lJTIwc3JjJTNEJTIyaHR0cHMlM0ElMkYlMkZ3d3cuZ29vZ2xlLmNvbSUyRm1hcHMlMkZlbWJlZCUzRnBiJTNEJTIxMW0xOCUyMTFtMTIlMjExbTMlMjExZDI1NjIuNDEwMzA2OTY4NjgwNyUyMTJkMTkuOTM2MTAwNzE1OTg2NTAyJTIxM2Q1MC4wNDExNDQ2MjQ2NTI4MyUyMTJtMyUyMTFmMCUyMTJmMCUyMTNmMCUyMTNtMiUyMTFpMTAyNCUyMTJpNzY4JTIxNGYxMy4xJTIxM20zJTIxMW0yJTIxMXMweDQ3MTY1YjY3NWNhMjE0ZjklMjUzQTB4MTlhZDg2NjIwOTMyOTA4YiUyMTJzT3Jhd3NrYSUyNTIwMyUyNTJGNiUyNTJDJTI1MjAzMC01MDElMjUyMEtyYWslMjVDMyUyNUIzdyUyMTVlMCUyMTNtMiUyMTFzcGwlMjEyc3BsJTIxNHYxNjUwNDU1NjkxOTU1JTIxNW0yJTIxMXNwbCUyMTJzcGwlMjIlMjB3aWR0aCUzRCUyMjYwMCUyMiUyMGhlaWdodCUzRCUyMjQ1MCUyMiUyMHN0eWxlJTNEJTIyYm9yZGVyJTNBMCUzQiUyMiUyMGFsbG93ZnVsbHNjcmVlbiUzRCUyMiUyMiUyMGxvYWRpbmclM0QlMjJsYXp5JTIyJTIwcmVmZXJyZXJwb2xpY3klM0QlMjJuby1yZWZlcnJlci13aGVuLWRvd25ncmFkZSUyMiUzRSUzQyUyRmlmcmFtZSUzRQ==&#8221;][\/vc_column][\/vc_row]<\/p>\n","protected":false},"excerpt":{"rendered":"<p>[vc_row][vc_column width=&#8221;1\/2&#8243;][\/vc_column][vc_column width=&#8221;1\/2&#8243;][vc_column_text] Solutions &amp; BHP ul. Orawska 3\/6 30-501 Krak\u00f3w 690 935 635 kontakt@solutionsbhp.pl NIP: 9451956521, REGON: 367460964 ING<\/p>\n","protected":false},"author":1,"featured_media":0,"parent":0,"menu_order":0,"comment_status":"closed","ping_status":"closed","template":"","meta":[],"yoast_head":"<!-- This site is optimized with the Yoast SEO plugin v18.4.1 - https:\/\/yoast.com\/wordpress\/plugins\/seo\/ -->\n<title>szkolenia, doradztwo, dotacje<\/title>\n<meta name=\"description\" content=\"Szkolenia bhp i ppo\u017c., pozyskiwanie dotacji i rozliczanie projekt\u00f3w ze \u015brodk\u00f3w UE, organizacja event\u00f3w oraz szkole\u0144, w tym pozyskiwanie dofinansowania ze \u015brodk\u00f3w publicznych.\" \/>\n<meta name=\"robots\" content=\"index, follow, max-snippet:-1, max-image-preview:large, max-video-preview:-1\" \/>\n<link rel=\"canonical\" href=\"http:\/\/solutionsbhp.pl\/pl\/kontakt\/\" \/>\n<meta property=\"og:locale\" content=\"pl_PL\" \/>\n<meta property=\"og:type\" content=\"article\" \/>\n<meta property=\"og:title\" content=\"szkolenia, doradztwo, dotacje\" \/>\n<meta property=\"og:description\" content=\"Szkolenia bhp i ppo\u017c., pozyskiwanie dotacji i rozliczanie projekt\u00f3w ze \u015brodk\u00f3w UE, organizacja event\u00f3w oraz szkole\u0144, w tym pozyskiwanie dofinansowania ze \u015brodk\u00f3w publicznych.\" \/>\n<meta property=\"og:url\" content=\"http:\/\/solutionsbhp.pl\/pl\/kontakt\/\" \/>\n<meta property=\"og:site_name\" content=\"Solutions &amp; BHP\" \/>\n<meta property=\"article:modified_time\" content=\"2022-05-20T08:36:25+00:00\" \/>\n<meta name=\"twitter:card\" content=\"summary_large_image\" \/>\n<meta name=\"twitter:label1\" content=\"Szacowany czas czytania\" \/>\n\t<meta name=\"twitter:data1\" content=\"1 minuta\" \/>\n<script type=\"application\/ld+json\" class=\"yoast-schema-graph\">{\"@context\":\"https:\/\/schema.org\",\"@graph\":[{\"@type\":\"Organization\",\"@id\":\"https:\/\/solutionsbhp.pl\/pl\/#organization\",\"name\":\"Solutions & BHP\",\"url\":\"https:\/\/solutionsbhp.pl\/pl\/\",\"sameAs\":[],\"logo\":{\"@type\":\"ImageObject\",\"@id\":\"https:\/\/solutionsbhp.pl\/pl\/#logo\",\"inLanguage\":\"pl-PL\",\"url\":\"http:\/\/solutionsbhp.pl\/wp-content\/uploads\/2017\/07\/favicon-ipad@2x.png\",\"contentUrl\":\"http:\/\/solutionsbhp.pl\/wp-content\/uploads\/2017\/07\/favicon-ipad@2x.png\",\"width\":144,\"height\":144,\"caption\":\"Solutions & BHP\"},\"image\":{\"@id\":\"https:\/\/solutionsbhp.pl\/pl\/#logo\"}},{\"@type\":\"WebSite\",\"@id\":\"https:\/\/solutionsbhp.pl\/pl\/#website\",\"url\":\"https:\/\/solutionsbhp.pl\/pl\/\",\"name\":\"Solutions & BHP\",\"description\":\"\",\"publisher\":{\"@id\":\"https:\/\/solutionsbhp.pl\/pl\/#organization\"},\"potentialAction\":[{\"@type\":\"SearchAction\",\"target\":{\"@type\":\"EntryPoint\",\"urlTemplate\":\"https:\/\/solutionsbhp.pl\/pl\/?s={search_term_string}\"},\"query-input\":\"required name=search_term_string\"}],\"inLanguage\":\"pl-PL\"},{\"@type\":\"WebPage\",\"@id\":\"http:\/\/solutionsbhp.pl\/pl\/kontakt\/#webpage\",\"url\":\"http:\/\/solutionsbhp.pl\/pl\/kontakt\/\",\"name\":\"szkolenia, doradztwo, dotacje\",\"isPartOf\":{\"@id\":\"https:\/\/solutionsbhp.pl\/pl\/#website\"},\"datePublished\":\"2017-07-03T06:48:34+00:00\",\"dateModified\":\"2022-05-20T08:36:25+00:00\",\"description\":\"Szkolenia bhp i ppo\u017c., pozyskiwanie dotacji i rozliczanie projekt\u00f3w ze \u015brodk\u00f3w UE, organizacja event\u00f3w oraz szkole\u0144, w tym pozyskiwanie dofinansowania ze \u015brodk\u00f3w publicznych.\",\"breadcrumb\":{\"@id\":\"http:\/\/solutionsbhp.pl\/pl\/kontakt\/#breadcrumb\"},\"inLanguage\":\"pl-PL\",\"potentialAction\":[{\"@type\":\"ReadAction\",\"target\":[\"http:\/\/solutionsbhp.pl\/pl\/kontakt\/\"]}]},{\"@type\":\"BreadcrumbList\",\"@id\":\"http:\/\/solutionsbhp.pl\/pl\/kontakt\/#breadcrumb\",\"itemListElement\":[{\"@type\":\"ListItem\",\"position\":1,\"name\":\"Strona g\u0142\u00f3wna\",\"item\":\"https:\/\/solutionsbhp.pl\/pl\/\"},{\"@type\":\"ListItem\",\"position\":2,\"name\":\"Kontakt\"}]}]}<\/script>\n<!-- \/ Yoast SEO plugin. -->","yoast_head_json":{"title":"szkolenia, doradztwo, dotacje","description":"Szkolenia bhp i ppo\u017c., pozyskiwanie dotacji i rozliczanie projekt\u00f3w ze \u015brodk\u00f3w UE, organizacja event\u00f3w oraz szkole\u0144, w tym pozyskiwanie dofinansowania ze \u015brodk\u00f3w publicznych.","robots":{"index":"index","follow":"follow","max-snippet":"max-snippet:-1","max-image-preview":"max-image-preview:large","max-video-preview":"max-video-preview:-1"},"canonical":"http:\/\/solutionsbhp.pl\/pl\/kontakt\/","og_locale":"pl_PL","og_type":"article","og_title":"szkolenia, doradztwo, dotacje","og_description":"Szkolenia bhp i ppo\u017c., pozyskiwanie dotacji i rozliczanie projekt\u00f3w ze \u015brodk\u00f3w UE, organizacja event\u00f3w oraz szkole\u0144, w tym pozyskiwanie dofinansowania ze \u015brodk\u00f3w publicznych.","og_url":"http:\/\/solutionsbhp.pl\/pl\/kontakt\/","og_site_name":"Solutions &amp; BHP","article_modified_time":"2022-05-20T08:36:25+00:00","twitter_card":"summary_large_image","twitter_misc":{"Szacowany czas czytania":"1 minuta"},"schema":{"@context":"https:\/\/schema.org","@graph":[{"@type":"Organization","@id":"https:\/\/solutionsbhp.pl\/pl\/#organization","name":"Solutions & BHP","url":"https:\/\/solutionsbhp.pl\/pl\/","sameAs":[],"logo":{"@type":"ImageObject","@id":"https:\/\/solutionsbhp.pl\/pl\/#logo","inLanguage":"pl-PL","url":"http:\/\/solutionsbhp.pl\/wp-content\/uploads\/2017\/07\/favicon-ipad@2x.png","contentUrl":"http:\/\/solutionsbhp.pl\/wp-content\/uploads\/2017\/07\/favicon-ipad@2x.png","width":144,"height":144,"caption":"Solutions & BHP"},"image":{"@id":"https:\/\/solutionsbhp.pl\/pl\/#logo"}},{"@type":"WebSite","@id":"https:\/\/solutionsbhp.pl\/pl\/#website","url":"https:\/\/solutionsbhp.pl\/pl\/","name":"Solutions & BHP","description":"","publisher":{"@id":"https:\/\/solutionsbhp.pl\/pl\/#organization"},"potentialAction":[{"@type":"SearchAction","target":{"@type":"EntryPoint","urlTemplate":"https:\/\/solutionsbhp.pl\/pl\/?s={search_term_string}"},"query-input":"required name=search_term_string"}],"inLanguage":"pl-PL"},{"@type":"WebPage","@id":"http:\/\/solutionsbhp.pl\/pl\/kontakt\/#webpage","url":"http:\/\/solutionsbhp.pl\/pl\/kontakt\/","name":"szkolenia, doradztwo, dotacje","isPartOf":{"@id":"https:\/\/solutionsbhp.pl\/pl\/#website"},"datePublished":"2017-07-03T06:48:34+00:00","dateModified":"2022-05-20T08:36:25+00:00","description":"Szkolenia bhp i ppo\u017c., pozyskiwanie dotacji i rozliczanie projekt\u00f3w ze \u015brodk\u00f3w UE, organizacja event\u00f3w oraz szkole\u0144, w tym pozyskiwanie dofinansowania ze \u015brodk\u00f3w publicznych.","breadcrumb":{"@id":"http:\/\/solutionsbhp.pl\/pl\/kontakt\/#breadcrumb"},"inLanguage":"pl-PL","potentialAction":[{"@type":"ReadAction","target":["http:\/\/solutionsbhp.pl\/pl\/kontakt\/"]}]},{"@type":"BreadcrumbList","@id":"http:\/\/solutionsbhp.pl\/pl\/kontakt\/#breadcrumb","itemListElement":[{"@type":"ListItem","position":1,"name":"Strona g\u0142\u00f3wna","item":"https:\/\/solutionsbhp.pl\/pl\/"},{"@type":"ListItem","position":2,"name":"Kontakt"}]}]}},"_links":{"self":[{"href":"https:\/\/solutionsbhp.pl\/wp-json\/wp\/v2\/pages\/25"}],"collection":[{"href":"https:\/\/solutionsbhp.pl\/wp-json\/wp\/v2\/pages"}],"about":[{"href":"https:\/\/solutionsbhp.pl\/wp-json\/wp\/v2\/types\/page"}],"author":[{"embeddable":true,"href":"https:\/\/solutionsbhp.pl\/wp-json\/wp\/v2\/users\/1"}],"replies":[{"embeddable":true,"href":"https:\/\/solutionsbhp.pl\/wp-json\/wp\/v2\/comments?post=25"}],"version-history":[{"count":3,"href":"https:\/\/solutionsbhp.pl\/wp-json\/wp\/v2\/pages\/25\/revisions"}],"predecessor-version":[{"id":1003,"href":"https:\/\/solutionsbhp.pl\/wp-json\/wp\/v2\/pages\/25\/revisions\/1003"}],"wp:attachment":[{"href":"https:\/\/solutionsbhp.pl\/wp-json\/wp\/v2\/media?parent=25"}],"curies":[{"name":"wp","href":"https:\/\/api.w.org\/{rel}","templated":true}]}}