{"id":683,"date":"2022-04-19T14:59:33","date_gmt":"2022-04-19T12:59:33","guid":{"rendered":"http:\/\/solutionsbhp.pl\/?page_id=683"},"modified":"2022-05-05T11:15:23","modified_gmt":"2022-05-05T09:15:23","slug":"szkolenia","status":"publish","type":"page","link":"https:\/\/solutionsbhp.pl\/oferta\/szkolenia\/","title":{"rendered":"Szkolenia"},"content":{"rendered":"<p>[vc_row][vc_column][vc_column_text]Jako firma szkoleniowa specjalizujemy si\u0119 w realizacji szkole\u0144:<\/p>\n<ul>\n<li><b>zawodowych<\/b>,<\/li>\n<li>z <b>kompetencji mi\u0119kkich<\/b>,<\/li>\n<li>a tak\u017ce z zakresu <b>BHP i PPO\u017b<\/b> (<a href=\"http:\/\/solutionsbhp.pl\/pl\/oferta\/szkolenia-bhp-i-pierwsza-pomoc\/\" target=\"_blank\" rel=\"noopener\">wi\u0119cej<\/a>).<\/li>\n<\/ul>\n<p>&nbsp;<\/p>\n<p>Kursy zawodowe wykonujemy we wsp\u00f3\u0142pracy z wysoko wyspecjalizowanymi podmiotami z bran\u017cy. W ofercie szkole\u0144 zawodowych posiadamy:<\/p>\n<ul>\n<li><b>szkolenia informatyczne (w tym rozw\u00f3j kompetencji cyfrowych)<\/b>,<\/li>\n<li><b>szkolenia budowlane<\/b>,<\/li>\n<li><b>szkolenia z obs\u0142ugi maszyn drogowych i budowlanych<\/b>.<\/li>\n<\/ul>\n<p>&nbsp;<\/p>\n<p>W ramach rozwoju kompetencji mi\u0119kkich, przeprowadzamy szkolenia w nast\u0119puj\u0105cych obszarach:<\/p>\n<ul>\n<li><b>szkolenia sprzeda\u017cowe (w tym e-commerce)<\/b>,<\/li>\n<li><b>szkolenia wizerunkowe i marketingowe<\/b>,<\/li>\n<li><b>szkolenia menad\u017cerskie<\/b> (jak rekrutacja i selekcja, coaching i wiele innych).<\/li>\n<\/ul>\n<p>&nbsp;<\/p>\n<p>Powy\u017cszy katalog nie jest katalogiem zamkni\u0119tym. Ze wzgl\u0119du na nawi\u0105zane wsp\u00f3\u0142prace i kilkuletnie do\u015bwiadczenie na rynku us\u0142ug szkoleniowych, mo\u017cemy podj\u0105\u0107 si\u0119 realizacji szkolenia w innej tematyce.<\/p>\n<p>Po wi\u0119cej informacji zapraszamy do\u00a0<a href=\"http:\/\/solutionsbhp.pl\/kontakt\/\" target=\"_blank\" rel=\"noopener\"><u><b>kontaktu<\/b><\/u><\/a>.[\/vc_column_text][\/vc_column][\/vc_row]<\/p>\n","protected":false},"excerpt":{"rendered":"<p>[vc_row][vc_column][vc_column_text]Jako firma szkoleniowa specjalizujemy si\u0119 w realizacji szkole\u0144: zawodowych, z kompetencji mi\u0119kkich, a tak\u017ce z zakresu BHP i PPO\u017b (wi\u0119cej).<\/p>\n","protected":false},"author":1,"featured_media":0,"parent":679,"menu_order":0,"comment_status":"closed","ping_status":"closed","template":"","meta":[],"yoast_head":"<!-- This site is optimized with the Yoast SEO plugin v18.4.1 - https:\/\/yoast.com\/wordpress\/plugins\/seo\/ -->\n<title>szkolenia, doradztwo, dotacje<\/title>\n<meta name=\"description\" content=\"Szkolenia bhp i ppo\u017c., pozyskiwanie dotacji i rozliczanie projekt\u00f3w ze \u015brodk\u00f3w UE, organizacja event\u00f3w oraz szkole\u0144, w tym pozyskiwanie dofinansowania ze \u015brodk\u00f3w publicznych.\" \/>\n<meta name=\"robots\" content=\"index, follow, max-snippet:-1, max-image-preview:large, max-video-preview:-1\" \/>\n<link rel=\"canonical\" href=\"https:\/\/solutionsbhp.pl\/pl\/oferta\/szkolenia\/\" \/>\n<meta property=\"og:locale\" content=\"pl_PL\" \/>\n<meta property=\"og:type\" content=\"article\" \/>\n<meta property=\"og:title\" content=\"szkolenia, doradztwo, dotacje\" \/>\n<meta property=\"og:description\" content=\"Szkolenia bhp i ppo\u017c., pozyskiwanie dotacji i rozliczanie projekt\u00f3w ze \u015brodk\u00f3w UE, organizacja event\u00f3w oraz szkole\u0144, w tym pozyskiwanie dofinansowania ze \u015brodk\u00f3w publicznych.\" \/>\n<meta property=\"og:url\" content=\"https:\/\/solutionsbhp.pl\/pl\/oferta\/szkolenia\/\" \/>\n<meta property=\"og:site_name\" content=\"Solutions &amp; BHP\" \/>\n<meta property=\"article:modified_time\" content=\"2022-05-05T09:15:23+00:00\" \/>\n<meta name=\"twitter:card\" content=\"summary_large_image\" \/>\n<meta name=\"twitter:label1\" content=\"Szacowany czas czytania\" \/>\n\t<meta name=\"twitter:data1\" content=\"1 minuta\" \/>\n<script type=\"application\/ld+json\" class=\"yoast-schema-graph\">{\"@context\":\"https:\/\/schema.org\",\"@graph\":[{\"@type\":\"Organization\",\"@id\":\"https:\/\/solutionsbhp.pl\/pl\/#organization\",\"name\":\"Solutions & BHP\",\"url\":\"https:\/\/solutionsbhp.pl\/pl\/\",\"sameAs\":[],\"logo\":{\"@type\":\"ImageObject\",\"@id\":\"https:\/\/solutionsbhp.pl\/pl\/#logo\",\"inLanguage\":\"pl-PL\",\"url\":\"http:\/\/solutionsbhp.pl\/wp-content\/uploads\/2017\/07\/favicon-ipad@2x.png\",\"contentUrl\":\"http:\/\/solutionsbhp.pl\/wp-content\/uploads\/2017\/07\/favicon-ipad@2x.png\",\"width\":144,\"height\":144,\"caption\":\"Solutions & BHP\"},\"image\":{\"@id\":\"https:\/\/solutionsbhp.pl\/pl\/#logo\"}},{\"@type\":\"WebSite\",\"@id\":\"https:\/\/solutionsbhp.pl\/pl\/#website\",\"url\":\"https:\/\/solutionsbhp.pl\/pl\/\",\"name\":\"Solutions & BHP\",\"description\":\"\",\"publisher\":{\"@id\":\"https:\/\/solutionsbhp.pl\/pl\/#organization\"},\"potentialAction\":[{\"@type\":\"SearchAction\",\"target\":{\"@type\":\"EntryPoint\",\"urlTemplate\":\"https:\/\/solutionsbhp.pl\/pl\/?s={search_term_string}\"},\"query-input\":\"required name=search_term_string\"}],\"inLanguage\":\"pl-PL\"},{\"@type\":\"WebPage\",\"@id\":\"https:\/\/solutionsbhp.pl\/pl\/oferta\/szkolenia\/#webpage\",\"url\":\"https:\/\/solutionsbhp.pl\/pl\/oferta\/szkolenia\/\",\"name\":\"szkolenia, doradztwo, dotacje\",\"isPartOf\":{\"@id\":\"https:\/\/solutionsbhp.pl\/pl\/#website\"},\"datePublished\":\"2022-04-19T12:59:33+00:00\",\"dateModified\":\"2022-05-05T09:15:23+00:00\",\"description\":\"Szkolenia bhp i ppo\u017c., pozyskiwanie dotacji i rozliczanie projekt\u00f3w ze \u015brodk\u00f3w UE, organizacja event\u00f3w oraz szkole\u0144, w tym pozyskiwanie dofinansowania ze \u015brodk\u00f3w publicznych.\",\"breadcrumb\":{\"@id\":\"https:\/\/solutionsbhp.pl\/pl\/oferta\/szkolenia\/#breadcrumb\"},\"inLanguage\":\"pl-PL\",\"potentialAction\":[{\"@type\":\"ReadAction\",\"target\":[\"https:\/\/solutionsbhp.pl\/pl\/oferta\/szkolenia\/\"]}]},{\"@type\":\"BreadcrumbList\",\"@id\":\"https:\/\/solutionsbhp.pl\/pl\/oferta\/szkolenia\/#breadcrumb\",\"itemListElement\":[{\"@type\":\"ListItem\",\"position\":1,\"name\":\"Strona g\u0142\u00f3wna\",\"item\":\"https:\/\/solutionsbhp.pl\/pl\/\"},{\"@type\":\"ListItem\",\"position\":2,\"name\":\"Oferta\",\"item\":\"https:\/\/solutionsbhp.pl\/pl\/oferta\/\"},{\"@type\":\"ListItem\",\"position\":3,\"name\":\"Szkolenia\"}]}]}<\/script>\n<!-- \/ Yoast SEO plugin. -->","yoast_head_json":{"title":"szkolenia, doradztwo, dotacje","description":"Szkolenia bhp i ppo\u017c., pozyskiwanie dotacji i rozliczanie projekt\u00f3w ze \u015brodk\u00f3w UE, organizacja event\u00f3w oraz szkole\u0144, w tym pozyskiwanie dofinansowania ze \u015brodk\u00f3w publicznych.","robots":{"index":"index","follow":"follow","max-snippet":"max-snippet:-1","max-image-preview":"max-image-preview:large","max-video-preview":"max-video-preview:-1"},"canonical":"https:\/\/solutionsbhp.pl\/pl\/oferta\/szkolenia\/","og_locale":"pl_PL","og_type":"article","og_title":"szkolenia, doradztwo, dotacje","og_description":"Szkolenia bhp i ppo\u017c., pozyskiwanie dotacji i rozliczanie projekt\u00f3w ze \u015brodk\u00f3w UE, organizacja event\u00f3w oraz szkole\u0144, w tym pozyskiwanie dofinansowania ze \u015brodk\u00f3w publicznych.","og_url":"https:\/\/solutionsbhp.pl\/pl\/oferta\/szkolenia\/","og_site_name":"Solutions &amp; BHP","article_modified_time":"2022-05-05T09:15:23+00:00","twitter_card":"summary_large_image","twitter_misc":{"Szacowany czas czytania":"1 minuta"},"schema":{"@context":"https:\/\/schema.org","@graph":[{"@type":"Organization","@id":"https:\/\/solutionsbhp.pl\/pl\/#organization","name":"Solutions & BHP","url":"https:\/\/solutionsbhp.pl\/pl\/","sameAs":[],"logo":{"@type":"ImageObject","@id":"https:\/\/solutionsbhp.pl\/pl\/#logo","inLanguage":"pl-PL","url":"http:\/\/solutionsbhp.pl\/wp-content\/uploads\/2017\/07\/favicon-ipad@2x.png","contentUrl":"http:\/\/solutionsbhp.pl\/wp-content\/uploads\/2017\/07\/favicon-ipad@2x.png","width":144,"height":144,"caption":"Solutions & BHP"},"image":{"@id":"https:\/\/solutionsbhp.pl\/pl\/#logo"}},{"@type":"WebSite","@id":"https:\/\/solutionsbhp.pl\/pl\/#website","url":"https:\/\/solutionsbhp.pl\/pl\/","name":"Solutions & BHP","description":"","publisher":{"@id":"https:\/\/solutionsbhp.pl\/pl\/#organization"},"potentialAction":[{"@type":"SearchAction","target":{"@type":"EntryPoint","urlTemplate":"https:\/\/solutionsbhp.pl\/pl\/?s={search_term_string}"},"query-input":"required name=search_term_string"}],"inLanguage":"pl-PL"},{"@type":"WebPage","@id":"https:\/\/solutionsbhp.pl\/pl\/oferta\/szkolenia\/#webpage","url":"https:\/\/solutionsbhp.pl\/pl\/oferta\/szkolenia\/","name":"szkolenia, doradztwo, dotacje","isPartOf":{"@id":"https:\/\/solutionsbhp.pl\/pl\/#website"},"datePublished":"2022-04-19T12:59:33+00:00","dateModified":"2022-05-05T09:15:23+00:00","description":"Szkolenia bhp i ppo\u017c., pozyskiwanie dotacji i rozliczanie projekt\u00f3w ze \u015brodk\u00f3w UE, organizacja event\u00f3w oraz szkole\u0144, w tym pozyskiwanie dofinansowania ze \u015brodk\u00f3w publicznych.","breadcrumb":{"@id":"https:\/\/solutionsbhp.pl\/pl\/oferta\/szkolenia\/#breadcrumb"},"inLanguage":"pl-PL","potentialAction":[{"@type":"ReadAction","target":["https:\/\/solutionsbhp.pl\/pl\/oferta\/szkolenia\/"]}]},{"@type":"BreadcrumbList","@id":"https:\/\/solutionsbhp.pl\/pl\/oferta\/szkolenia\/#breadcrumb","itemListElement":[{"@type":"ListItem","position":1,"name":"Strona g\u0142\u00f3wna","item":"https:\/\/solutionsbhp.pl\/pl\/"},{"@type":"ListItem","position":2,"name":"Oferta","item":"https:\/\/solutionsbhp.pl\/pl\/oferta\/"},{"@type":"ListItem","position":3,"name":"Szkolenia"}]}]}},"_links":{"self":[{"href":"https:\/\/solutionsbhp.pl\/wp-json\/wp\/v2\/pages\/683"}],"collection":[{"href":"https:\/\/solutionsbhp.pl\/wp-json\/wp\/v2\/pages"}],"about":[{"href":"https:\/\/solutionsbhp.pl\/wp-json\/wp\/v2\/types\/page"}],"author":[{"embeddable":true,"href":"https:\/\/solutionsbhp.pl\/wp-json\/wp\/v2\/users\/1"}],"replies":[{"embeddable":true,"href":"https:\/\/solutionsbhp.pl\/wp-json\/wp\/v2\/comments?post=683"}],"version-history":[{"count":4,"href":"https:\/\/solutionsbhp.pl\/wp-json\/wp\/v2\/pages\/683\/revisions"}],"predecessor-version":[{"id":974,"href":"https:\/\/solutionsbhp.pl\/wp-json\/wp\/v2\/pages\/683\/revisions\/974"}],"up":[{"embeddable":true,"href":"https:\/\/solutionsbhp.pl\/wp-json\/wp\/v2\/pages\/679"}],"wp:attachment":[{"href":"https:\/\/solutionsbhp.pl\/wp-json\/wp\/v2\/media?parent=683"}],"curies":[{"name":"wp","href":"https:\/\/api.w.org\/{rel}","templated":true}]}}