{"id":689,"date":"2022-04-19T15:01:58","date_gmt":"2022-04-19T13:01:58","guid":{"rendered":"http:\/\/solutionsbhp.pl\/?page_id=689"},"modified":"2022-05-25T21:30:17","modified_gmt":"2022-05-25T19:30:17","slug":"uslugi-bhp","status":"publish","type":"page","link":"https:\/\/solutionsbhp.pl\/oferta\/uslugi-bhp\/","title":{"rendered":"Us\u0142ugi BHP"},"content":{"rendered":"<p>[vc_row][vc_column][vc_column_text]<b>Solutions &amp; BHP<\/b>\u00a0oferuje Pa\u0144stwu <strong>sta\u0142\u0105 wsp\u00f3\u0142prac\u0119 (czyt. obs\u0142ug\u0119 BHP)<\/strong>\u00a0opart\u0105 na zasadach\u00a0outsourcingu\u00a0lub <strong>korzystanie z wybranych us\u0142ug BHP<\/strong> zgodnie z <strong>art. 237\u00a0<sup>11<\/sup>\u00a0\u00a7 2. Kodeksu Pracy:<\/strong>\u00a0<i>Pracodawca \u2013 w przypadku braku kompetentnych pracownik\u00f3w \u2013 mo\u017ce powierzy\u0107 wykonywanie zada\u0144 s\u0142u\u017cby bhp specjalistom spoza zak\u0142adu pracy<\/i>. W ramach outsourcingu BHP zapewnimy wszystkie czynno\u015bci zwi\u0105zane z obs\u0142ug\u0105 bezpiecze\u0144stwa i higieny pracy a tak\u017ce <a href=\"http:\/\/solutionsbhp.pl\/pl\/oferta\/ochrona-ppoz\/\" target=\"_blank\" rel=\"noopener\"><strong>ochrony PPO\u017b.<\/strong><\/a> (w tym audyt ochrony PPO\u017b., serwis sprz\u0119tu PPO\u017b. i inne). Podmiot korzystaj\u0105cy z us\u0142ug outsourcingu w ramach obs\u0142ugi BHP <strong>mo\u017ce zrezygnowa\u0107 z zatrudniania pracownika s\u0142u\u017cb BHP<\/strong>. Powierzenie prowadzania spraw BHP (i ochrony PPO\u017b.) firmie zewn\u0119trznej nie zwalnia pracodawcy z odpowiedzialno\u015bci za stan BHP i PPO\u017b. w swoim zak\u0142adzie pracy.<\/p>\n<p>Cena za oferowane us\u0142ugi, uzale\u017cniona jest od\u00a0<b>ilo\u015bci pracownik\u00f3w<\/b>,\u00a0<b>wielko\u015bci firmy<\/b>,\u00a0<b>zleconej ilo\u015bci<\/b> i <b>oczekiwanego terminu wykonania prac<\/b>.<\/p>\n<p>&nbsp;<\/p>\n<p>Zakres oferty:<\/p>\n<ul>\n<li>analizy i opinie w zakresie doboru pracownikom w\u0142a\u015bciwej\u00a0odzie\u017cy roboczej i \u015brodk\u00f3w ochrony indywidualnej;<\/li>\n<li>dokonywanie\u00a0przegl\u0105d\u00f3w obiekt\u00f3w pod wzgl\u0119dem wymog\u00f3w BHP i PPO\u017b.;<\/li>\n<li>doradztwo w zakresie Prawa Pracy;<\/li>\n<li>inspekcja BHP stanowisk pracy;<\/li>\n<li>nadz\u00f3r BHP\u00a0na budowie;<\/li>\n<li>okresowe analizy stanu BHP i PPO\u017b.\u00a0w zak\u0142adzie pracy;<\/li>\n<li>opracowania\u00a0instrukcji stanowiskowych;<\/li>\n<li>opracowanie\u00a0Oceny Ryzyka Zawodowego\u00a0(art. 226\u00a0<sup>11\u00a0<\/sup>KP);<\/li>\n<li>organizacja pomiar\u00f3w czynnik\u00f3w szkodliwych i uci\u0105\u017cliwych (tzw.\u00a0<b>badania \u015brodowiskowe<\/b>);<\/li>\n<li>pomoc w realizacji\u00a0wyst\u0105pie\u0144 i nakaz\u00f3w Pa\u0144stwowej Inspekcji Pracy oraz decyzji Pa\u0144stwowej Inspekcji Sanitarnej;<\/li>\n<li>pomoc przy prowadzeniu\u00a0rejestr\u00f3w wypadk\u00f3w przy pracy i chor\u00f3b zawodowych;<\/li>\n<li>przygotowanie firmy do\u00a0kontroli Pa\u0144stwowej Inspekcji Pracy;<\/li>\n<li><b>przeprowadzanie\u00a0szkole\u0144 BHP (wst\u0119pnych, okresowych)<\/b>;<\/li>\n<li>sporz\u0105dzanie dokumentacji powypadkowej\u00a0dla wypadk\u00f3w przy pracy, w drodze do lub z pracy.<\/li>\n<\/ul>\n<p>&nbsp;<\/p>\n<p>W\/w us\u0142ugi \u015bwiadczy\u0107 b\u0119d\u0105 wysokiej klasy specjali\u015bci w dziedzinie BHP i PPO\u017b. Powy\u017csze zlecenia realizujemy na podstawie um\u00f3w sta\u0142ych lub jednorazowych zlece\u0144.<\/p>\n<p>Po wi\u0119cej informacji zapraszamy do\u00a0<a href=\"http:\/\/solutionsbhp.pl\/kontakt\/\" target=\"_blank\" rel=\"noopener\"><u><b>kontaktu<\/b><\/u><\/a>.[\/vc_column_text][\/vc_column][\/vc_row]<\/p>\n","protected":false},"excerpt":{"rendered":"<p>[vc_row][vc_column][vc_column_text]Solutions &amp; BHP\u00a0oferuje Pa\u0144stwu sta\u0142\u0105 wsp\u00f3\u0142prac\u0119 (czyt. obs\u0142ug\u0119 BHP)\u00a0opart\u0105 na zasadach\u00a0outsourcingu\u00a0lub korzystanie z wybranych us\u0142ug BHP zgodnie z art. 237\u00a011\u00a0\u00a7<\/p>\n","protected":false},"author":1,"featured_media":0,"parent":679,"menu_order":0,"comment_status":"closed","ping_status":"closed","template":"","meta":[],"yoast_head":"<!-- This site is optimized with the Yoast SEO plugin v18.4.1 - https:\/\/yoast.com\/wordpress\/plugins\/seo\/ -->\n<title>szkolenia, doradztwo, dotacje<\/title>\n<meta name=\"description\" content=\"Szkolenia bhp i ppo\u017c., pozyskiwanie dotacji i rozliczanie projekt\u00f3w ze \u015brodk\u00f3w UE, organizacja event\u00f3w oraz szkole\u0144, w tym pozyskiwanie dofinansowania ze \u015brodk\u00f3w publicznych.\" \/>\n<meta name=\"robots\" content=\"index, follow, max-snippet:-1, max-image-preview:large, max-video-preview:-1\" \/>\n<link rel=\"canonical\" href=\"http:\/\/solutionsbhp.pl\/pl\/oferta\/uslugi-bhp\/\" \/>\n<meta property=\"og:locale\" content=\"pl_PL\" \/>\n<meta property=\"og:type\" content=\"article\" \/>\n<meta property=\"og:title\" content=\"szkolenia, doradztwo, dotacje\" \/>\n<meta property=\"og:description\" content=\"Szkolenia bhp i ppo\u017c., pozyskiwanie dotacji i rozliczanie projekt\u00f3w ze \u015brodk\u00f3w UE, organizacja event\u00f3w oraz szkole\u0144, w tym pozyskiwanie dofinansowania ze \u015brodk\u00f3w publicznych.\" \/>\n<meta property=\"og:url\" content=\"http:\/\/solutionsbhp.pl\/pl\/oferta\/uslugi-bhp\/\" \/>\n<meta property=\"og:site_name\" content=\"Solutions &amp; BHP\" \/>\n<meta property=\"article:modified_time\" content=\"2022-05-25T19:30:17+00:00\" \/>\n<meta name=\"twitter:card\" content=\"summary_large_image\" \/>\n<meta name=\"twitter:label1\" content=\"Szacowany czas czytania\" \/>\n\t<meta name=\"twitter:data1\" content=\"2 minuty\" \/>\n<script type=\"application\/ld+json\" class=\"yoast-schema-graph\">{\"@context\":\"https:\/\/schema.org\",\"@graph\":[{\"@type\":\"Organization\",\"@id\":\"https:\/\/solutionsbhp.pl\/pl\/#organization\",\"name\":\"Solutions & BHP\",\"url\":\"https:\/\/solutionsbhp.pl\/pl\/\",\"sameAs\":[],\"logo\":{\"@type\":\"ImageObject\",\"@id\":\"https:\/\/solutionsbhp.pl\/pl\/#logo\",\"inLanguage\":\"pl-PL\",\"url\":\"http:\/\/solutionsbhp.pl\/wp-content\/uploads\/2017\/07\/favicon-ipad@2x.png\",\"contentUrl\":\"http:\/\/solutionsbhp.pl\/wp-content\/uploads\/2017\/07\/favicon-ipad@2x.png\",\"width\":144,\"height\":144,\"caption\":\"Solutions & BHP\"},\"image\":{\"@id\":\"https:\/\/solutionsbhp.pl\/pl\/#logo\"}},{\"@type\":\"WebSite\",\"@id\":\"https:\/\/solutionsbhp.pl\/pl\/#website\",\"url\":\"https:\/\/solutionsbhp.pl\/pl\/\",\"name\":\"Solutions & BHP\",\"description\":\"\",\"publisher\":{\"@id\":\"https:\/\/solutionsbhp.pl\/pl\/#organization\"},\"potentialAction\":[{\"@type\":\"SearchAction\",\"target\":{\"@type\":\"EntryPoint\",\"urlTemplate\":\"https:\/\/solutionsbhp.pl\/pl\/?s={search_term_string}\"},\"query-input\":\"required name=search_term_string\"}],\"inLanguage\":\"pl-PL\"},{\"@type\":\"WebPage\",\"@id\":\"http:\/\/solutionsbhp.pl\/pl\/oferta\/uslugi-bhp\/#webpage\",\"url\":\"http:\/\/solutionsbhp.pl\/pl\/oferta\/uslugi-bhp\/\",\"name\":\"szkolenia, doradztwo, dotacje\",\"isPartOf\":{\"@id\":\"https:\/\/solutionsbhp.pl\/pl\/#website\"},\"datePublished\":\"2022-04-19T13:01:58+00:00\",\"dateModified\":\"2022-05-25T19:30:17+00:00\",\"description\":\"Szkolenia bhp i ppo\u017c., pozyskiwanie dotacji i rozliczanie projekt\u00f3w ze \u015brodk\u00f3w UE, organizacja event\u00f3w oraz szkole\u0144, w tym pozyskiwanie dofinansowania ze \u015brodk\u00f3w publicznych.\",\"breadcrumb\":{\"@id\":\"http:\/\/solutionsbhp.pl\/pl\/oferta\/uslugi-bhp\/#breadcrumb\"},\"inLanguage\":\"pl-PL\",\"potentialAction\":[{\"@type\":\"ReadAction\",\"target\":[\"http:\/\/solutionsbhp.pl\/pl\/oferta\/uslugi-bhp\/\"]}]},{\"@type\":\"BreadcrumbList\",\"@id\":\"http:\/\/solutionsbhp.pl\/pl\/oferta\/uslugi-bhp\/#breadcrumb\",\"itemListElement\":[{\"@type\":\"ListItem\",\"position\":1,\"name\":\"Strona g\u0142\u00f3wna\",\"item\":\"https:\/\/solutionsbhp.pl\/pl\/\"},{\"@type\":\"ListItem\",\"position\":2,\"name\":\"Oferta\",\"item\":\"https:\/\/solutionsbhp.pl\/pl\/oferta\/\"},{\"@type\":\"ListItem\",\"position\":3,\"name\":\"Us\u0142ugi BHP\"}]}]}<\/script>\n<!-- \/ Yoast SEO plugin. -->","yoast_head_json":{"title":"szkolenia, doradztwo, dotacje","description":"Szkolenia bhp i ppo\u017c., pozyskiwanie dotacji i rozliczanie projekt\u00f3w ze \u015brodk\u00f3w UE, organizacja event\u00f3w oraz szkole\u0144, w tym pozyskiwanie dofinansowania ze \u015brodk\u00f3w publicznych.","robots":{"index":"index","follow":"follow","max-snippet":"max-snippet:-1","max-image-preview":"max-image-preview:large","max-video-preview":"max-video-preview:-1"},"canonical":"http:\/\/solutionsbhp.pl\/pl\/oferta\/uslugi-bhp\/","og_locale":"pl_PL","og_type":"article","og_title":"szkolenia, doradztwo, dotacje","og_description":"Szkolenia bhp i ppo\u017c., pozyskiwanie dotacji i rozliczanie projekt\u00f3w ze \u015brodk\u00f3w UE, organizacja event\u00f3w oraz szkole\u0144, w tym pozyskiwanie dofinansowania ze \u015brodk\u00f3w publicznych.","og_url":"http:\/\/solutionsbhp.pl\/pl\/oferta\/uslugi-bhp\/","og_site_name":"Solutions &amp; BHP","article_modified_time":"2022-05-25T19:30:17+00:00","twitter_card":"summary_large_image","twitter_misc":{"Szacowany czas czytania":"2 minuty"},"schema":{"@context":"https:\/\/schema.org","@graph":[{"@type":"Organization","@id":"https:\/\/solutionsbhp.pl\/pl\/#organization","name":"Solutions & BHP","url":"https:\/\/solutionsbhp.pl\/pl\/","sameAs":[],"logo":{"@type":"ImageObject","@id":"https:\/\/solutionsbhp.pl\/pl\/#logo","inLanguage":"pl-PL","url":"http:\/\/solutionsbhp.pl\/wp-content\/uploads\/2017\/07\/favicon-ipad@2x.png","contentUrl":"http:\/\/solutionsbhp.pl\/wp-content\/uploads\/2017\/07\/favicon-ipad@2x.png","width":144,"height":144,"caption":"Solutions & BHP"},"image":{"@id":"https:\/\/solutionsbhp.pl\/pl\/#logo"}},{"@type":"WebSite","@id":"https:\/\/solutionsbhp.pl\/pl\/#website","url":"https:\/\/solutionsbhp.pl\/pl\/","name":"Solutions & BHP","description":"","publisher":{"@id":"https:\/\/solutionsbhp.pl\/pl\/#organization"},"potentialAction":[{"@type":"SearchAction","target":{"@type":"EntryPoint","urlTemplate":"https:\/\/solutionsbhp.pl\/pl\/?s={search_term_string}"},"query-input":"required name=search_term_string"}],"inLanguage":"pl-PL"},{"@type":"WebPage","@id":"http:\/\/solutionsbhp.pl\/pl\/oferta\/uslugi-bhp\/#webpage","url":"http:\/\/solutionsbhp.pl\/pl\/oferta\/uslugi-bhp\/","name":"szkolenia, doradztwo, dotacje","isPartOf":{"@id":"https:\/\/solutionsbhp.pl\/pl\/#website"},"datePublished":"2022-04-19T13:01:58+00:00","dateModified":"2022-05-25T19:30:17+00:00","description":"Szkolenia bhp i ppo\u017c., pozyskiwanie dotacji i rozliczanie projekt\u00f3w ze \u015brodk\u00f3w UE, organizacja event\u00f3w oraz szkole\u0144, w tym pozyskiwanie dofinansowania ze \u015brodk\u00f3w publicznych.","breadcrumb":{"@id":"http:\/\/solutionsbhp.pl\/pl\/oferta\/uslugi-bhp\/#breadcrumb"},"inLanguage":"pl-PL","potentialAction":[{"@type":"ReadAction","target":["http:\/\/solutionsbhp.pl\/pl\/oferta\/uslugi-bhp\/"]}]},{"@type":"BreadcrumbList","@id":"http:\/\/solutionsbhp.pl\/pl\/oferta\/uslugi-bhp\/#breadcrumb","itemListElement":[{"@type":"ListItem","position":1,"name":"Strona g\u0142\u00f3wna","item":"https:\/\/solutionsbhp.pl\/pl\/"},{"@type":"ListItem","position":2,"name":"Oferta","item":"https:\/\/solutionsbhp.pl\/pl\/oferta\/"},{"@type":"ListItem","position":3,"name":"Us\u0142ugi BHP"}]}]}},"_links":{"self":[{"href":"https:\/\/solutionsbhp.pl\/wp-json\/wp\/v2\/pages\/689"}],"collection":[{"href":"https:\/\/solutionsbhp.pl\/wp-json\/wp\/v2\/pages"}],"about":[{"href":"https:\/\/solutionsbhp.pl\/wp-json\/wp\/v2\/types\/page"}],"author":[{"embeddable":true,"href":"https:\/\/solutionsbhp.pl\/wp-json\/wp\/v2\/users\/1"}],"replies":[{"embeddable":true,"href":"https:\/\/solutionsbhp.pl\/wp-json\/wp\/v2\/comments?post=689"}],"version-history":[{"count":3,"href":"https:\/\/solutionsbhp.pl\/wp-json\/wp\/v2\/pages\/689\/revisions"}],"predecessor-version":[{"id":1008,"href":"https:\/\/solutionsbhp.pl\/wp-json\/wp\/v2\/pages\/689\/revisions\/1008"}],"up":[{"embeddable":true,"href":"https:\/\/solutionsbhp.pl\/wp-json\/wp\/v2\/pages\/679"}],"wp:attachment":[{"href":"https:\/\/solutionsbhp.pl\/wp-json\/wp\/v2\/media?parent=689"}],"curies":[{"name":"wp","href":"https:\/\/api.w.org\/{rel}","templated":true}]}}