{"id":700,"date":"2022-04-19T15:07:27","date_gmt":"2022-04-19T13:07:27","guid":{"rendered":"http:\/\/solutionsbhp.pl\/?page_id=700"},"modified":"2022-05-25T21:34:03","modified_gmt":"2022-05-25T19:34:03","slug":"szkolenia-bhp-i-pierwsza-pomoc","status":"publish","type":"page","link":"https:\/\/solutionsbhp.pl\/oferta\/szkolenia-bhp-i-pierwsza-pomoc\/","title":{"rendered":"Szkolenia BHP i pierwsza pomoc"},"content":{"rendered":"<p>[vc_row][vc_column][vc_column_text]Podstawowym obowi\u0105zkiem pracodawcy wynikaj\u0105cym z Kodeksu Pracy jest <b>przeszkolenie pracownik\u00f3w z zakresu BHP<\/b> przed podj\u0119ciem pracy i <b>prowadzenie okresowych szkole\u0144 w tym zakresie<\/b>.<\/p>\n<p>Firma<b> Solutions &amp; BHP <\/b>oferuje Pa\u0144stwu nast\u0119puj\u0105ce<b> szkolenia z zakresu BHP:<\/b><\/p>\n\n<table id=\"tablepress-3\" class=\"tablepress tablepress-id-3\">\n<tbody class=\"row-hover\">\n<tr class=\"row-1 odd\">\n\t<td rowspan=\"3\" class=\"column-1\">Rodzaj szkolenia<\/td><td rowspan=\"3\" class=\"column-2\">Rodzaj stanowiska<\/td><td colspan=\"2\" rowspan=\"2\" class=\"column-3\">Forma szkolenia<\/td><td class=\"column-5\">1 \u2013 5 os\u00f3b<\/td><td class=\"column-6\">6 \u2013 10 os\u00f3b<\/td><td class=\"column-7\">pow. 10 os\u00f3b<\/td><td rowspan=\"3\" class=\"column-8\">Wa\u017cno\u015b\u0107 szkolenia<\/td>\n<\/tr>\n<tr class=\"row-2 even\">\n\t<td colspan=\"3\" class=\"column-5\">cennik szkole\u0144<\/td>\n<\/tr>\n<tr class=\"row-3 odd\">\n\t<td class=\"column-3\">stacjonarne<\/td><td class=\"column-4\">online<\/td><td class=\"column-5\">cena za 1 os.<\/td><td class=\"column-6\">cena za 1 os.<\/td><td class=\"column-7\">cena za 1 os.<\/td>\n<\/tr>\n<tr class=\"row-4 even\">\n\t<td rowspan=\"2\" class=\"column-1\">Szkolenie wst\u0119pne BHP<\/td><td class=\"column-2\">pracownik<\/td><td class=\"column-3\"><img src=\"http:\/\/solutionsbhp.pl\/wp-content\/themes\/lincoln-child\/images\/list.png\" alt=\"Zawiera\" \/><\/td><td class=\"column-4\">-<\/td><td class=\"column-5\">70 z\u0142<\/td><td class=\"column-6\">60 z\u0142<\/td><td class=\"column-7\">50 z\u0142<\/td><td class=\"column-8\">1 rok<\/td>\n<\/tr>\n<tr class=\"row-5 odd\">\n\t<td class=\"column-2\">pracodawca<\/td><td class=\"column-3\"><img src=\"http:\/\/solutionsbhp.pl\/wp-content\/themes\/lincoln-child\/images\/list.png\" alt=\"Zawiera\" \/><\/td><td class=\"column-4\">-<\/td><td class=\"column-5\">70 z\u0142<\/td><td class=\"column-6\">-<\/td><td class=\"column-7\">-<\/td><td class=\"column-8\">0,5 roku<\/td>\n<\/tr>\n<tr class=\"row-6 even\">\n\t<td rowspan=\"3\" class=\"column-1\">Okresowe BHP<\/td><td class=\"column-2\">pracodawca i kadra kierownicza*<\/td><td class=\"column-3\"><img src=\"http:\/\/solutionsbhp.pl\/wp-content\/themes\/lincoln-child\/images\/list.png\" alt=\"Zawiera\" \/><\/td><td class=\"column-4\"><img src=\"http:\/\/solutionsbhp.pl\/wp-content\/themes\/lincoln-child\/images\/list.png\" alt=\"Zawiera\" \/><\/td><td class=\"column-5\">250 z\u0142<\/td><td class=\"column-6\">200 z\u0142<\/td><td class=\"column-7\">200 z\u0142<\/td><td class=\"column-8\">5 lat<\/td>\n<\/tr>\n<tr class=\"row-7 odd\">\n\t<td class=\"column-2\">in\u017cynieryjno - techniczne<\/td><td class=\"column-3\"><img src=\"http:\/\/solutionsbhp.pl\/wp-content\/themes\/lincoln-child\/images\/list.png\" alt=\"Zawiera\" \/><\/td><td class=\"column-4\"><img src=\"http:\/\/solutionsbhp.pl\/wp-content\/themes\/lincoln-child\/images\/list.png\" alt=\"Zawiera\" \/><\/td><td class=\"column-5\">250 z\u0142<\/td><td class=\"column-6\">200 z\u0142<\/td><td class=\"column-7\">200 z\u0142<\/td><td class=\"column-8\">5 lat<\/td>\n<\/tr>\n<tr class=\"row-8 even\">\n\t<td class=\"column-2\">robotnicze \u2013 prace szczeg\u00f3lnie niebezpieczne<\/td><td class=\"column-3\"><img src=\"http:\/\/solutionsbhp.pl\/wp-content\/themes\/lincoln-child\/images\/list.png\" alt=\"Zawiera\" \/><\/td><td class=\"column-4\">-<\/td><td class=\"column-5\">80 z\u0142<\/td><td class=\"column-6\">80 z\u0142<\/td><td class=\"column-7\">70 z\u0142<\/td><td class=\"column-8\">1 rok<\/td>\n<\/tr>\n<\/tbody>\n<\/table>\n<!-- #tablepress-3 from cache -->\n<p><span style=\"font-size: xx-small;\">* kurs stworzony z my\u015bl\u0105 o osobach, przeprowadzaj\u0105cych instrukta\u017c stanowiskowy. Certyfikat uko\u0144czenia kursu potwierdza zdobycie odpowiedniej wiedzy merytorycznej i dydaktycznej niezb\u0119dnej do przeprowadzenia instrukta\u017cu stanowiskowego u nowo przyj\u0119tego pracownika.<\/span><\/p>\n<p><span style=\"font-size: xx-small;\">** podane ceny w tabeli, obowi\u0105zuj\u0105 do 30 km. od siedziby firmy, w pozosta\u0142ych przypadkach, do us\u0142ugi b\u0119dzie doliczona cena za dojazd wg stawki 0,8358 z\u0142. za 1 km<\/span><\/p>\n<p><span style=\"font-size: xx-small;\">*** szkolenia s\u0105 zwolnione z podatku VAT<\/span><\/p>\n<p>&nbsp;<\/p>\n<p><u><b>Szkolenie wst\u0119pne BHP<\/b><\/u><\/p>\n<p><b>Ka\u017cdy nowozatrudniony pracownik, zanim zostanie dopuszczone do pracy przez pracodawc\u0119 musi przej\u015b\u0107 szkolenie wst\u0119pne BHP \u2013 <\/b><u><b>instrukta\u017c og\u00f3lny<\/b><\/u><b> oraz <\/b><u><b>instrukta\u017c stanowiskowy<\/b><\/u><b>.<\/b><\/p>\n<p><b>Instrukta\u017c og\u00f3lny<\/b> przeprowadzany jest przez pracodawc\u0119 lub pracownika wyznaczonego przez pracodawc\u0119, kt\u00f3ry posiada odpowiedni\u0105 wiedz\u0119, do\u015bwiadczenie i uprawnienia, albo\u00a0zlecany firmie zewn\u0119trznej\u00a0\u2013 pracownik odbywa 3 godziny lekcyjne szkolenia.<\/p>\n<p><b>Instrukta\u017c stanowiskowy <\/b>przeprowadzany jest przez bezpo\u015bredniego kierownika nowozatrudnionej osoby i odbywa si\u0119 na stanowisku pracy pracownika.<\/p>\n<p><u><b>Ka\u017cdy pracownik musi przej\u015b\u0107 szkolenie wst\u0119pne BHP<\/b><\/u>. Z jednym wyj\u0105tkiem \u2013 szkolenia wst\u0119pnego przed dopuszczeniem do pracy nie musi przechodzi\u0107 pracownik, kt\u00f3ry podejmuje prac\u0119 na tym samym stanowisku pracy, kt\u00f3re zajmowa\u0142 u danego pracodawcy bezpo\u015brednio lub z przerw\u0105 do 30 dni przed nawi\u0105zaniem z tym pracodawc\u0105 kolejnej umowy o prac\u0119.<\/p>\n<p>&nbsp;<\/p>\n<p><span style=\"color: #ff0000;\"><u><b>Warto wiedzie\u0107 \u2013 zmiany w przepisach<\/b><\/u><b>!<\/b><\/span><\/p>\n<p><span style=\"color: #ff0000;\">Do 31 grudnia 2018 r. pracodawca mia\u0142 obowi\u0105zek zapewnienia okresowego szkolenia w zakresie bhp wszystkim zatrudnianym pracownikom. Jednak 1 stycznia 2019 r. wesz\u0142y w \u017cycie przepisy, kt\u00f3re ten obowi\u0105zek ograniczaj\u0105.<b> <\/b><u><b>Obecnie szkolenie okresowe pracownika nie jest wymagane w przypadku pracownik\u00f3w zatrudnionych na stanowiskach administracyjno-biurowych<\/b><\/u><b>.<\/b><\/span><\/p>\n<p>&nbsp;<\/p>\n<p><u><b>Pierwsza pomoc<\/b><\/u><\/p>\n<p><b>Na podstawie Art. 209 <sup>1<\/sup> Kodeksu Pracy pracodawca jest zobowi\u0105zany do zapewnienia \u015brodk\u00f3w niezb\u0119dnych do udzielenia pierwszej pomocy w nag\u0142ych wypadkach oraz wyznaczenia os\u00f3b do udzielenia pierwszej pomocy w zak\u0142adzie pracy.<\/b> Ponadto, zgodnie z Rozporz\u0105dzeniem Ministra Pracy i Polityki Socjalnej w sprawie og\u00f3lnych przepis\u00f3w bezpiecze\u0144stwa i higieny pracy z dnia 26 wrze\u015bnia 1997 r. (Dz. U. nr 129, poz. 844, z p\u00f3\u017an. zm.) pracodawca powinien zapewni\u0107 pracownikom sprawny i funkcjonuj\u0105cy system udzielania pierwszej pomocy przedmedycznej.<\/p>\n<p>Przedmiotem oferty Solutions &amp; BHP w tym zakresie jest <b>kurs pierwszej pomocy<\/b>. Celem szkolenia z zakresu pierwszej pomocy jest przekazanie wiedzy i praktycznych umiej\u0119tno\u015bci z zakresu post\u0119powania i reagowania w sytuacjach zagra\u017caj\u0105cych ludzkiemu zdrowiu i \u017cyciu. Kurs z udzielenia pierwszej pomocy kierujemy nie tylko dla pracownik\u00f3w, ale dla wszystkich, kt\u00f3rzy chc\u0105 nauczy\u0107 si\u0119 fachowo ratowa\u0107 \u017cycie w sytuacjach zagro\u017cenia. Szkolenia te wykonywane s\u0105 przez czynnych zawodowo ratownik\u00f3w medycznych, kt\u00f3rych wiedza i umiej\u0119tno\u015bci poparte s\u0105 wieloletni\u0105 praktyk\u0105 i do\u015bwiadczeniem. Pozytywne ko\u0144czenie kursu pierwszej pomocy, pozwala na zdobycie certyfikatu z zasad udzielania pierwszej pomocy. Szkolenia prowadzimy w specjalistycznym o\u015brodku szkolenia. Zlecenia grupowe przyjmujemy przy zg\u0142oszeniu <b>minimum 5 os\u00f3b<\/b>, a na indywidualne kierujemy w zale\u017cno\u015bci od dost\u0119pno\u015bci miejsc na najbli\u017cszym kursie.<\/p>\n<p>Po wi\u0119cej informacji zapraszamy do\u00a0<a href=\"http:\/\/solutionsbhp.pl\/kontakt\/\" target=\"_blank\" rel=\"noopener\"><u><b>kontaktu<\/b><\/u><\/a>.[\/vc_column_text][\/vc_column][\/vc_row]<\/p>\n","protected":false},"excerpt":{"rendered":"<p>[vc_row][vc_column][vc_column_text]Podstawowym obowi\u0105zkiem pracodawcy wynikaj\u0105cym z Kodeksu Pracy jest przeszkolenie pracownik\u00f3w z zakresu BHP przed podj\u0119ciem pracy i prowadzenie okresowych szkole\u0144<\/p>\n","protected":false},"author":1,"featured_media":0,"parent":679,"menu_order":0,"comment_status":"closed","ping_status":"closed","template":"","meta":[],"yoast_head":"<!-- This site is optimized with the Yoast SEO plugin v18.4.1 - https:\/\/yoast.com\/wordpress\/plugins\/seo\/ -->\n<title>szkolenia, doradztwo, dotacje<\/title>\n<meta name=\"description\" content=\"Szkolenia bhp i ppo\u017c., pozyskiwanie dotacji i rozliczanie projekt\u00f3w ze \u015brodk\u00f3w UE, organizacja event\u00f3w oraz szkole\u0144, w tym pozyskiwanie dofinansowania ze \u015brodk\u00f3w publicznych.\" \/>\n<meta name=\"robots\" content=\"index, follow, max-snippet:-1, max-image-preview:large, max-video-preview:-1\" \/>\n<link rel=\"canonical\" href=\"http:\/\/solutionsbhp.pl\/pl\/oferta\/szkolenia-bhp-i-pierwsza-pomoc\/\" \/>\n<meta property=\"og:locale\" content=\"pl_PL\" \/>\n<meta property=\"og:type\" content=\"article\" \/>\n<meta property=\"og:title\" content=\"szkolenia, doradztwo, dotacje\" \/>\n<meta property=\"og:description\" content=\"Szkolenia bhp i ppo\u017c., pozyskiwanie dotacji i rozliczanie projekt\u00f3w ze \u015brodk\u00f3w UE, organizacja event\u00f3w oraz szkole\u0144, w tym pozyskiwanie dofinansowania ze \u015brodk\u00f3w publicznych.\" \/>\n<meta property=\"og:url\" content=\"http:\/\/solutionsbhp.pl\/pl\/oferta\/szkolenia-bhp-i-pierwsza-pomoc\/\" \/>\n<meta property=\"og:site_name\" content=\"Solutions &amp; BHP\" \/>\n<meta property=\"article:modified_time\" content=\"2022-05-25T19:34:03+00:00\" \/>\n<meta name=\"twitter:card\" content=\"summary_large_image\" \/>\n<meta name=\"twitter:label1\" content=\"Szacowany czas czytania\" \/>\n\t<meta name=\"twitter:data1\" content=\"3 minuty\" \/>\n<script type=\"application\/ld+json\" class=\"yoast-schema-graph\">{\"@context\":\"https:\/\/schema.org\",\"@graph\":[{\"@type\":\"Organization\",\"@id\":\"https:\/\/solutionsbhp.pl\/pl\/#organization\",\"name\":\"Solutions & BHP\",\"url\":\"https:\/\/solutionsbhp.pl\/pl\/\",\"sameAs\":[],\"logo\":{\"@type\":\"ImageObject\",\"@id\":\"https:\/\/solutionsbhp.pl\/pl\/#logo\",\"inLanguage\":\"pl-PL\",\"url\":\"http:\/\/solutionsbhp.pl\/wp-content\/uploads\/2017\/07\/favicon-ipad@2x.png\",\"contentUrl\":\"http:\/\/solutionsbhp.pl\/wp-content\/uploads\/2017\/07\/favicon-ipad@2x.png\",\"width\":144,\"height\":144,\"caption\":\"Solutions & BHP\"},\"image\":{\"@id\":\"https:\/\/solutionsbhp.pl\/pl\/#logo\"}},{\"@type\":\"WebSite\",\"@id\":\"https:\/\/solutionsbhp.pl\/pl\/#website\",\"url\":\"https:\/\/solutionsbhp.pl\/pl\/\",\"name\":\"Solutions & BHP\",\"description\":\"\",\"publisher\":{\"@id\":\"https:\/\/solutionsbhp.pl\/pl\/#organization\"},\"potentialAction\":[{\"@type\":\"SearchAction\",\"target\":{\"@type\":\"EntryPoint\",\"urlTemplate\":\"https:\/\/solutionsbhp.pl\/pl\/?s={search_term_string}\"},\"query-input\":\"required name=search_term_string\"}],\"inLanguage\":\"pl-PL\"},{\"@type\":\"WebPage\",\"@id\":\"http:\/\/solutionsbhp.pl\/pl\/oferta\/szkolenia-bhp-i-pierwsza-pomoc\/#webpage\",\"url\":\"http:\/\/solutionsbhp.pl\/pl\/oferta\/szkolenia-bhp-i-pierwsza-pomoc\/\",\"name\":\"szkolenia, doradztwo, dotacje\",\"isPartOf\":{\"@id\":\"https:\/\/solutionsbhp.pl\/pl\/#website\"},\"datePublished\":\"2022-04-19T13:07:27+00:00\",\"dateModified\":\"2022-05-25T19:34:03+00:00\",\"description\":\"Szkolenia bhp i ppo\u017c., pozyskiwanie dotacji i rozliczanie projekt\u00f3w ze \u015brodk\u00f3w UE, organizacja event\u00f3w oraz szkole\u0144, w tym pozyskiwanie dofinansowania ze \u015brodk\u00f3w publicznych.\",\"breadcrumb\":{\"@id\":\"http:\/\/solutionsbhp.pl\/pl\/oferta\/szkolenia-bhp-i-pierwsza-pomoc\/#breadcrumb\"},\"inLanguage\":\"pl-PL\",\"potentialAction\":[{\"@type\":\"ReadAction\",\"target\":[\"http:\/\/solutionsbhp.pl\/pl\/oferta\/szkolenia-bhp-i-pierwsza-pomoc\/\"]}]},{\"@type\":\"BreadcrumbList\",\"@id\":\"http:\/\/solutionsbhp.pl\/pl\/oferta\/szkolenia-bhp-i-pierwsza-pomoc\/#breadcrumb\",\"itemListElement\":[{\"@type\":\"ListItem\",\"position\":1,\"name\":\"Strona g\u0142\u00f3wna\",\"item\":\"https:\/\/solutionsbhp.pl\/pl\/\"},{\"@type\":\"ListItem\",\"position\":2,\"name\":\"Oferta\",\"item\":\"https:\/\/solutionsbhp.pl\/pl\/oferta\/\"},{\"@type\":\"ListItem\",\"position\":3,\"name\":\"Szkolenia BHP i pierwsza pomoc\"}]}]}<\/script>\n<!-- \/ Yoast SEO plugin. -->","yoast_head_json":{"title":"szkolenia, doradztwo, dotacje","description":"Szkolenia bhp i ppo\u017c., pozyskiwanie dotacji i rozliczanie projekt\u00f3w ze \u015brodk\u00f3w UE, organizacja event\u00f3w oraz szkole\u0144, w tym pozyskiwanie dofinansowania ze \u015brodk\u00f3w publicznych.","robots":{"index":"index","follow":"follow","max-snippet":"max-snippet:-1","max-image-preview":"max-image-preview:large","max-video-preview":"max-video-preview:-1"},"canonical":"http:\/\/solutionsbhp.pl\/pl\/oferta\/szkolenia-bhp-i-pierwsza-pomoc\/","og_locale":"pl_PL","og_type":"article","og_title":"szkolenia, doradztwo, dotacje","og_description":"Szkolenia bhp i ppo\u017c., pozyskiwanie dotacji i rozliczanie projekt\u00f3w ze \u015brodk\u00f3w UE, organizacja event\u00f3w oraz szkole\u0144, w tym pozyskiwanie dofinansowania ze \u015brodk\u00f3w publicznych.","og_url":"http:\/\/solutionsbhp.pl\/pl\/oferta\/szkolenia-bhp-i-pierwsza-pomoc\/","og_site_name":"Solutions &amp; BHP","article_modified_time":"2022-05-25T19:34:03+00:00","twitter_card":"summary_large_image","twitter_misc":{"Szacowany czas czytania":"3 minuty"},"schema":{"@context":"https:\/\/schema.org","@graph":[{"@type":"Organization","@id":"https:\/\/solutionsbhp.pl\/pl\/#organization","name":"Solutions & BHP","url":"https:\/\/solutionsbhp.pl\/pl\/","sameAs":[],"logo":{"@type":"ImageObject","@id":"https:\/\/solutionsbhp.pl\/pl\/#logo","inLanguage":"pl-PL","url":"http:\/\/solutionsbhp.pl\/wp-content\/uploads\/2017\/07\/favicon-ipad@2x.png","contentUrl":"http:\/\/solutionsbhp.pl\/wp-content\/uploads\/2017\/07\/favicon-ipad@2x.png","width":144,"height":144,"caption":"Solutions & BHP"},"image":{"@id":"https:\/\/solutionsbhp.pl\/pl\/#logo"}},{"@type":"WebSite","@id":"https:\/\/solutionsbhp.pl\/pl\/#website","url":"https:\/\/solutionsbhp.pl\/pl\/","name":"Solutions & BHP","description":"","publisher":{"@id":"https:\/\/solutionsbhp.pl\/pl\/#organization"},"potentialAction":[{"@type":"SearchAction","target":{"@type":"EntryPoint","urlTemplate":"https:\/\/solutionsbhp.pl\/pl\/?s={search_term_string}"},"query-input":"required name=search_term_string"}],"inLanguage":"pl-PL"},{"@type":"WebPage","@id":"http:\/\/solutionsbhp.pl\/pl\/oferta\/szkolenia-bhp-i-pierwsza-pomoc\/#webpage","url":"http:\/\/solutionsbhp.pl\/pl\/oferta\/szkolenia-bhp-i-pierwsza-pomoc\/","name":"szkolenia, doradztwo, dotacje","isPartOf":{"@id":"https:\/\/solutionsbhp.pl\/pl\/#website"},"datePublished":"2022-04-19T13:07:27+00:00","dateModified":"2022-05-25T19:34:03+00:00","description":"Szkolenia bhp i ppo\u017c., pozyskiwanie dotacji i rozliczanie projekt\u00f3w ze \u015brodk\u00f3w UE, organizacja event\u00f3w oraz szkole\u0144, w tym pozyskiwanie dofinansowania ze \u015brodk\u00f3w publicznych.","breadcrumb":{"@id":"http:\/\/solutionsbhp.pl\/pl\/oferta\/szkolenia-bhp-i-pierwsza-pomoc\/#breadcrumb"},"inLanguage":"pl-PL","potentialAction":[{"@type":"ReadAction","target":["http:\/\/solutionsbhp.pl\/pl\/oferta\/szkolenia-bhp-i-pierwsza-pomoc\/"]}]},{"@type":"BreadcrumbList","@id":"http:\/\/solutionsbhp.pl\/pl\/oferta\/szkolenia-bhp-i-pierwsza-pomoc\/#breadcrumb","itemListElement":[{"@type":"ListItem","position":1,"name":"Strona g\u0142\u00f3wna","item":"https:\/\/solutionsbhp.pl\/pl\/"},{"@type":"ListItem","position":2,"name":"Oferta","item":"https:\/\/solutionsbhp.pl\/pl\/oferta\/"},{"@type":"ListItem","position":3,"name":"Szkolenia BHP i pierwsza pomoc"}]}]}},"_links":{"self":[{"href":"https:\/\/solutionsbhp.pl\/wp-json\/wp\/v2\/pages\/700"}],"collection":[{"href":"https:\/\/solutionsbhp.pl\/wp-json\/wp\/v2\/pages"}],"about":[{"href":"https:\/\/solutionsbhp.pl\/wp-json\/wp\/v2\/types\/page"}],"author":[{"embeddable":true,"href":"https:\/\/solutionsbhp.pl\/wp-json\/wp\/v2\/users\/1"}],"replies":[{"embeddable":true,"href":"https:\/\/solutionsbhp.pl\/wp-json\/wp\/v2\/comments?post=700"}],"version-history":[{"count":4,"href":"https:\/\/solutionsbhp.pl\/wp-json\/wp\/v2\/pages\/700\/revisions"}],"predecessor-version":[{"id":1010,"href":"https:\/\/solutionsbhp.pl\/wp-json\/wp\/v2\/pages\/700\/revisions\/1010"}],"up":[{"embeddable":true,"href":"https:\/\/solutionsbhp.pl\/wp-json\/wp\/v2\/pages\/679"}],"wp:attachment":[{"href":"https:\/\/solutionsbhp.pl\/wp-json\/wp\/v2\/media?parent=700"}],"curies":[{"name":"wp","href":"https:\/\/api.w.org\/{rel}","templated":true}]}}