{"id":722,"date":"2022-04-20T13:03:32","date_gmt":"2022-04-20T11:03:32","guid":{"rendered":"http:\/\/solutionsbhp.pl\/?page_id=722"},"modified":"2022-05-05T11:20:35","modified_gmt":"2022-05-05T09:20:35","slug":"dofinansowania","status":"publish","type":"page","link":"https:\/\/solutionsbhp.pl\/oferta\/dofinansowania\/","title":{"rendered":"Dofinansowania"},"content":{"rendered":"<p>[vc_row][vc_column][vc_column_text]<strong>Oferta w tym zakresie obejmuje poszukiwanie i docelowo przedstawienie mo\u017cliwo\u015bci finansowania ze \u015brodk\u00f3w zewn\u0119trznych (publicznych, unijnych) w formie dotacji bezzwrotnej zg\u0142oszonej potrzeby projektowej.<\/strong><\/p>\n<p>Zapewniamy:<\/p>\n<ul>\n<li>dob\u00f3r najlepszego programu\/dzia\u0142ania do przedstawionej koncepcji projektu;<\/li>\n<li>analiz\u0119 planowanego przedsi\u0119wzi\u0119cia pod k\u0105tem mo\u017cliwo\u015bci pozyskania dofinansowania, kryteri\u00f3w oceny oraz szans otrzymania \u015brodk\u00f3w;<\/li>\n<li><b>przygotowanie wniosku o dotacj\u0119 (wraz z niezb\u0119dnymi za\u0142\u0105cznikami<\/b>);<\/li>\n<li>bie\u017c\u0105ce dzia\u0142ania kontrolne ze z\u0142o\u017ceniem dokumentacji, pilotowanie projektu podczas oceny formalnej i merytorycznej, kontakt z instytucjami weryfikuj\u0105cymi wniosek aplikacyjny;<\/li>\n<li>kompleksowe doradztwo i przygotowanie niezb\u0119dnej dokumentacji do podpisywania umowy o dofinansowanie projektu;<\/li>\n<li>niezb\u0119dne wsparcie potrzebne do rozliczenia dotacji, obejmuj\u0105ce przygotowanie dokumentacji (w tym sprawozdania z realizacji projektu), nadz\u00f3r nad prawid\u0142owo\u015bci\u0105 wystawionych dokument\u00f3w finansowych, doradztwo w zakresie wydatk\u00f3w, procedur, zam\u00f3wie\u0144.<\/li>\n<\/ul>\n<p>&nbsp;<\/p>\n<p>Zach\u0119camy do wype\u0142nienia i przes\u0142ania poni\u017cszego formularza, w celu przedstawienia swojej potrzeby w zakresie dofinansowania ze \u015brodk\u00f3w zewn\u0119trznych:[\/vc_column_text]<div role=\"form\" class=\"wpcf7\" id=\"wpcf7-f729-o1\" lang=\"pl-PL\" dir=\"ltr\">\n<div class=\"screen-reader-response\"><p role=\"status\" aria-live=\"polite\" aria-atomic=\"true\"><\/p> <ul><\/ul><\/div>\n<form action=\"\/wp-json\/wp\/v2\/pages\/722#wpcf7-f729-o1\" method=\"post\" class=\"wpcf7-form init\" novalidate=\"novalidate\" data-status=\"init\">\n<div style=\"display: none;\">\n<input type=\"hidden\" name=\"_wpcf7\" value=\"729\" \/>\n<input type=\"hidden\" name=\"_wpcf7_version\" value=\"5.5.6\" \/>\n<input type=\"hidden\" name=\"_wpcf7_locale\" value=\"pl_PL\" \/>\n<input type=\"hidden\" name=\"_wpcf7_unit_tag\" value=\"wpcf7-f729-o1\" \/>\n<input type=\"hidden\" name=\"_wpcf7_container_post\" value=\"0\" \/>\n<input type=\"hidden\" name=\"_wpcf7_posted_data_hash\" value=\"\" \/>\n<input type=\"hidden\" name=\"_wpcf7_recaptcha_response\" value=\"\" \/>\n<\/div>\n<div id=\"commentform\">\n<p class=\"one-half\"><label>Imi\u0119 i nazwisko *<\/label><span class=\"wpcf7-form-control-wrap your-name\"><input type=\"text\" name=\"your-name\" value=\"\" size=\"40\" class=\"wpcf7-form-control wpcf7-text wpcf7-validates-as-required\" aria-required=\"true\" aria-invalid=\"false\" \/><\/span> <\/p>\n<p class=\"one-half\"><label>Nazwa firmy *<\/label><span class=\"wpcf7-form-control-wrap your-company\"><input type=\"text\" name=\"your-company\" value=\"\" size=\"40\" class=\"wpcf7-form-control wpcf7-text wpcf7-validates-as-required\" aria-required=\"true\" aria-invalid=\"false\" \/><\/span> <\/p>\n<p class=\"one-half\"><label>Telefon<\/label><span class=\"wpcf7-form-control-wrap your-phone\"><input type=\"tel\" name=\"your-phone\" value=\"\" size=\"40\" class=\"wpcf7-form-control wpcf7-text wpcf7-tel wpcf7-validates-as-tel\" aria-invalid=\"false\" \/><\/span> <\/p>\n<p class=\"one-half\"><label>Adres email *<\/label><span class=\"wpcf7-form-control-wrap your-email\"><input type=\"email\" name=\"your-email\" value=\"\" size=\"40\" class=\"wpcf7-form-control wpcf7-text wpcf7-email wpcf7-validates-as-required wpcf7-validates-as-email\" aria-required=\"true\" aria-invalid=\"false\" \/><\/span> <\/p>\n<p class=\"one-half\">\n<label>Typ projektu do dofinansowania*:<\/label><br \/>\n<span class=\"wpcf7-form-control-wrap menu-971\"><select name=\"menu-971\" class=\"wpcf7-form-control wpcf7-select\" aria-invalid=\"false\"><option value=\"inwestycyjny\">inwestycyjny<\/option><option value=\"mi\u0119kki\">mi\u0119kki<\/option><\/select><\/span>\n<\/p>\n<p class=\"one-half\">\n<label>Akceptowalny poziom dofinansowania*:<\/label><br \/>\n<span class=\"wpcf7-form-control-wrap menu-202\"><select name=\"menu-202\" class=\"wpcf7-form-control wpcf7-select\" aria-invalid=\"false\"><option value=\"90-100%\">90-100%<\/option><option value=\"80-100%\">80-100%<\/option><option value=\"pow. 60%\">pow. 60%<\/option><option value=\"min. 40%\">min. 40%<\/option><option value=\"dowolny\">dowolny<\/option><\/select><\/span>\n<\/p>\n<p><label>Na czym polega\u0107 mia\u0142by polega\u0107 projekt? Prosz\u0119 kr\u00f3tko opisa\u0107 (limit znak\u00f3w 1500)<\/label><br \/>\n<span class=\"wpcf7-form-control-wrap textarea-14\"><textarea name=\"textarea-14\" cols=\"40\" rows=\"10\" class=\"wpcf7-form-control wpcf7-textarea\" aria-invalid=\"false\"><\/textarea><\/span><\/p>\n<p><input type=\"submit\" value=\"Wy\u015blij\" class=\"wpcf7-form-control has-spinner wpcf7-submit btn-ripple\" \/><\/p>\n<p style=\"font-size:14px; line-height: 20px;\">Wysy\u0142aj\u0105c formularz akceptujesz zasady polityki prywatno\u015bci serwisu <a href=\"http:\/\/www.solutionsbhp.pl\" target=\"_blank\">www.solutionsbhp.pl<\/a><br \/>\nInformacje zawarte w formularzu b\u0119d\u0105 wykorzystywane przez nasz\u0105 firm\u0119 wy\u0142\u0105cznie w celach wsp\u00f3\u0142pracy.\n<\/p>\n<\/div>\n<div class=\"wpcf7-response-output\" aria-hidden=\"true\"><\/div><\/form><\/div>[\/vc_column][\/vc_row]<\/p>\n","protected":false},"excerpt":{"rendered":"<p>[vc_row][vc_column][vc_column_text]Oferta w tym zakresie obejmuje poszukiwanie i docelowo przedstawienie mo\u017cliwo\u015bci finansowania ze \u015brodk\u00f3w zewn\u0119trznych (publicznych, unijnych) w formie dotacji bezzwrotnej<\/p>\n","protected":false},"author":1,"featured_media":0,"parent":679,"menu_order":0,"comment_status":"closed","ping_status":"closed","template":"","meta":[],"yoast_head":"<!-- This site is optimized with the Yoast SEO plugin v18.4.1 - https:\/\/yoast.com\/wordpress\/plugins\/seo\/ -->\n<title>szkolenia, doradztwo, dotacje<\/title>\n<meta name=\"description\" content=\"Szkolenia bhp i ppo\u017c., pozyskiwanie dotacji i rozliczanie projekt\u00f3w ze \u015brodk\u00f3w UE, organizacja event\u00f3w oraz szkole\u0144, w tym pozyskiwanie dofinansowania ze \u015brodk\u00f3w publicznych.\" \/>\n<meta name=\"robots\" content=\"index, follow, max-snippet:-1, max-image-preview:large, max-video-preview:-1\" \/>\n<link rel=\"canonical\" href=\"https:\/\/solutionsbhp.pl\/pl\/oferta\/dofinansowania\/\" \/>\n<meta property=\"og:locale\" content=\"pl_PL\" \/>\n<meta property=\"og:type\" content=\"article\" \/>\n<meta property=\"og:title\" content=\"szkolenia, doradztwo, dotacje\" \/>\n<meta property=\"og:description\" content=\"Szkolenia bhp i ppo\u017c., pozyskiwanie dotacji i rozliczanie projekt\u00f3w ze \u015brodk\u00f3w UE, organizacja event\u00f3w oraz szkole\u0144, w tym pozyskiwanie dofinansowania ze \u015brodk\u00f3w publicznych.\" \/>\n<meta property=\"og:url\" content=\"https:\/\/solutionsbhp.pl\/pl\/oferta\/dofinansowania\/\" \/>\n<meta property=\"og:site_name\" content=\"Solutions &amp; BHP\" \/>\n<meta property=\"article:modified_time\" content=\"2022-05-05T09:20:35+00:00\" \/>\n<meta name=\"twitter:card\" content=\"summary_large_image\" \/>\n<meta name=\"twitter:label1\" content=\"Szacowany czas czytania\" \/>\n\t<meta name=\"twitter:data1\" content=\"1 minuta\" \/>\n<script type=\"application\/ld+json\" class=\"yoast-schema-graph\">{\"@context\":\"https:\/\/schema.org\",\"@graph\":[{\"@type\":\"Organization\",\"@id\":\"https:\/\/solutionsbhp.pl\/pl\/#organization\",\"name\":\"Solutions & BHP\",\"url\":\"https:\/\/solutionsbhp.pl\/pl\/\",\"sameAs\":[],\"logo\":{\"@type\":\"ImageObject\",\"@id\":\"https:\/\/solutionsbhp.pl\/pl\/#logo\",\"inLanguage\":\"pl-PL\",\"url\":\"http:\/\/solutionsbhp.pl\/wp-content\/uploads\/2017\/07\/favicon-ipad@2x.png\",\"contentUrl\":\"http:\/\/solutionsbhp.pl\/wp-content\/uploads\/2017\/07\/favicon-ipad@2x.png\",\"width\":144,\"height\":144,\"caption\":\"Solutions & BHP\"},\"image\":{\"@id\":\"https:\/\/solutionsbhp.pl\/pl\/#logo\"}},{\"@type\":\"WebSite\",\"@id\":\"https:\/\/solutionsbhp.pl\/pl\/#website\",\"url\":\"https:\/\/solutionsbhp.pl\/pl\/\",\"name\":\"Solutions & BHP\",\"description\":\"\",\"publisher\":{\"@id\":\"https:\/\/solutionsbhp.pl\/pl\/#organization\"},\"potentialAction\":[{\"@type\":\"SearchAction\",\"target\":{\"@type\":\"EntryPoint\",\"urlTemplate\":\"https:\/\/solutionsbhp.pl\/pl\/?s={search_term_string}\"},\"query-input\":\"required name=search_term_string\"}],\"inLanguage\":\"pl-PL\"},{\"@type\":\"WebPage\",\"@id\":\"https:\/\/solutionsbhp.pl\/pl\/oferta\/dofinansowania\/#webpage\",\"url\":\"https:\/\/solutionsbhp.pl\/pl\/oferta\/dofinansowania\/\",\"name\":\"szkolenia, doradztwo, dotacje\",\"isPartOf\":{\"@id\":\"https:\/\/solutionsbhp.pl\/pl\/#website\"},\"datePublished\":\"2022-04-20T11:03:32+00:00\",\"dateModified\":\"2022-05-05T09:20:35+00:00\",\"description\":\"Szkolenia bhp i ppo\u017c., pozyskiwanie dotacji i rozliczanie projekt\u00f3w ze \u015brodk\u00f3w UE, organizacja event\u00f3w oraz szkole\u0144, w tym pozyskiwanie dofinansowania ze \u015brodk\u00f3w publicznych.\",\"breadcrumb\":{\"@id\":\"https:\/\/solutionsbhp.pl\/pl\/oferta\/dofinansowania\/#breadcrumb\"},\"inLanguage\":\"pl-PL\",\"potentialAction\":[{\"@type\":\"ReadAction\",\"target\":[\"https:\/\/solutionsbhp.pl\/pl\/oferta\/dofinansowania\/\"]}]},{\"@type\":\"BreadcrumbList\",\"@id\":\"https:\/\/solutionsbhp.pl\/pl\/oferta\/dofinansowania\/#breadcrumb\",\"itemListElement\":[{\"@type\":\"ListItem\",\"position\":1,\"name\":\"Strona g\u0142\u00f3wna\",\"item\":\"https:\/\/solutionsbhp.pl\/pl\/\"},{\"@type\":\"ListItem\",\"position\":2,\"name\":\"Oferta\",\"item\":\"https:\/\/solutionsbhp.pl\/pl\/oferta\/\"},{\"@type\":\"ListItem\",\"position\":3,\"name\":\"Dofinansowania\"}]}]}<\/script>\n<!-- \/ Yoast SEO plugin. -->","yoast_head_json":{"title":"szkolenia, doradztwo, dotacje","description":"Szkolenia bhp i ppo\u017c., pozyskiwanie dotacji i rozliczanie projekt\u00f3w ze \u015brodk\u00f3w UE, organizacja event\u00f3w oraz szkole\u0144, w tym pozyskiwanie dofinansowania ze \u015brodk\u00f3w publicznych.","robots":{"index":"index","follow":"follow","max-snippet":"max-snippet:-1","max-image-preview":"max-image-preview:large","max-video-preview":"max-video-preview:-1"},"canonical":"https:\/\/solutionsbhp.pl\/pl\/oferta\/dofinansowania\/","og_locale":"pl_PL","og_type":"article","og_title":"szkolenia, doradztwo, dotacje","og_description":"Szkolenia bhp i ppo\u017c., pozyskiwanie dotacji i rozliczanie projekt\u00f3w ze \u015brodk\u00f3w UE, organizacja event\u00f3w oraz szkole\u0144, w tym pozyskiwanie dofinansowania ze \u015brodk\u00f3w publicznych.","og_url":"https:\/\/solutionsbhp.pl\/pl\/oferta\/dofinansowania\/","og_site_name":"Solutions &amp; BHP","article_modified_time":"2022-05-05T09:20:35+00:00","twitter_card":"summary_large_image","twitter_misc":{"Szacowany czas czytania":"1 minuta"},"schema":{"@context":"https:\/\/schema.org","@graph":[{"@type":"Organization","@id":"https:\/\/solutionsbhp.pl\/pl\/#organization","name":"Solutions & BHP","url":"https:\/\/solutionsbhp.pl\/pl\/","sameAs":[],"logo":{"@type":"ImageObject","@id":"https:\/\/solutionsbhp.pl\/pl\/#logo","inLanguage":"pl-PL","url":"http:\/\/solutionsbhp.pl\/wp-content\/uploads\/2017\/07\/favicon-ipad@2x.png","contentUrl":"http:\/\/solutionsbhp.pl\/wp-content\/uploads\/2017\/07\/favicon-ipad@2x.png","width":144,"height":144,"caption":"Solutions & BHP"},"image":{"@id":"https:\/\/solutionsbhp.pl\/pl\/#logo"}},{"@type":"WebSite","@id":"https:\/\/solutionsbhp.pl\/pl\/#website","url":"https:\/\/solutionsbhp.pl\/pl\/","name":"Solutions & BHP","description":"","publisher":{"@id":"https:\/\/solutionsbhp.pl\/pl\/#organization"},"potentialAction":[{"@type":"SearchAction","target":{"@type":"EntryPoint","urlTemplate":"https:\/\/solutionsbhp.pl\/pl\/?s={search_term_string}"},"query-input":"required name=search_term_string"}],"inLanguage":"pl-PL"},{"@type":"WebPage","@id":"https:\/\/solutionsbhp.pl\/pl\/oferta\/dofinansowania\/#webpage","url":"https:\/\/solutionsbhp.pl\/pl\/oferta\/dofinansowania\/","name":"szkolenia, doradztwo, dotacje","isPartOf":{"@id":"https:\/\/solutionsbhp.pl\/pl\/#website"},"datePublished":"2022-04-20T11:03:32+00:00","dateModified":"2022-05-05T09:20:35+00:00","description":"Szkolenia bhp i ppo\u017c., pozyskiwanie dotacji i rozliczanie projekt\u00f3w ze \u015brodk\u00f3w UE, organizacja event\u00f3w oraz szkole\u0144, w tym pozyskiwanie dofinansowania ze \u015brodk\u00f3w publicznych.","breadcrumb":{"@id":"https:\/\/solutionsbhp.pl\/pl\/oferta\/dofinansowania\/#breadcrumb"},"inLanguage":"pl-PL","potentialAction":[{"@type":"ReadAction","target":["https:\/\/solutionsbhp.pl\/pl\/oferta\/dofinansowania\/"]}]},{"@type":"BreadcrumbList","@id":"https:\/\/solutionsbhp.pl\/pl\/oferta\/dofinansowania\/#breadcrumb","itemListElement":[{"@type":"ListItem","position":1,"name":"Strona g\u0142\u00f3wna","item":"https:\/\/solutionsbhp.pl\/pl\/"},{"@type":"ListItem","position":2,"name":"Oferta","item":"https:\/\/solutionsbhp.pl\/pl\/oferta\/"},{"@type":"ListItem","position":3,"name":"Dofinansowania"}]}]}},"_links":{"self":[{"href":"https:\/\/solutionsbhp.pl\/wp-json\/wp\/v2\/pages\/722"}],"collection":[{"href":"https:\/\/solutionsbhp.pl\/wp-json\/wp\/v2\/pages"}],"about":[{"href":"https:\/\/solutionsbhp.pl\/wp-json\/wp\/v2\/types\/page"}],"author":[{"embeddable":true,"href":"https:\/\/solutionsbhp.pl\/wp-json\/wp\/v2\/users\/1"}],"replies":[{"embeddable":true,"href":"https:\/\/solutionsbhp.pl\/wp-json\/wp\/v2\/comments?post=722"}],"version-history":[{"count":4,"href":"https:\/\/solutionsbhp.pl\/wp-json\/wp\/v2\/pages\/722\/revisions"}],"predecessor-version":[{"id":986,"href":"https:\/\/solutionsbhp.pl\/wp-json\/wp\/v2\/pages\/722\/revisions\/986"}],"up":[{"embeddable":true,"href":"https:\/\/solutionsbhp.pl\/wp-json\/wp\/v2\/pages\/679"}],"wp:attachment":[{"href":"https:\/\/solutionsbhp.pl\/wp-json\/wp\/v2\/media?parent=722"}],"curies":[{"name":"wp","href":"https:\/\/api.w.org\/{rel}","templated":true}]}}