{"id":743,"date":"2022-04-20T13:30:59","date_gmt":"2022-04-20T11:30:59","guid":{"rendered":"http:\/\/solutionsbhp.pl\/?page_id=743"},"modified":"2022-05-05T11:21:21","modified_gmt":"2022-05-05T09:21:21","slug":"social-media","status":"publish","type":"page","link":"https:\/\/solutionsbhp.pl\/oferta\/social-media\/","title":{"rendered":"Social media"},"content":{"rendered":"<p>[vc_row][vc_column][vc_column_text]Za\u0142o\u017cenie oraz prowadzenie kana\u0142\u00f3w spo\u0142eczno\u015bciowych (fanpage firmy, Twitter i innych) to podstawa skutecznych dzia\u0142a\u0144 w\u00a0social mediach. Efektywne dzia\u0142ania w mediach spo\u0142eczno\u015bciowych pozwalaj\u0105\u00a0zwi\u0119kszy\u0107 sprzeda\u017c\u00a0oraz\u00a0wzmocni\u0107 wizerunek firmy.<\/p>\n<p>Oferujemy mo\u017cliwo\u015b\u0107 zam\u00f3wienia\u00a0czasowej\u00a0lub\u00a0sta\u0142ej obs\u0142ugi\u00a0wybranych przez Pa\u0144stwa medi\u00f3w spo\u0142eczno\u015bciowych.<\/p>\n<p>W ramach powy\u017cszej us\u0142ugi, zapewniamy:<\/p>\n<ul>\n<li><b>utworzenie<\/b>\u00a0i\u00a0<b>prowadzenie\u00a0konta w mediach spo\u0142eczno\u015bciowych<\/b> (Facebook,\u00a0Twitter i innych);<\/li>\n<li>budowanie\u00a0<b>aktywnej spo\u0142eczno\u015bci<\/b>\u00a0oraz\u00a0<b>brandu<\/b>;<\/li>\n<li><b>dzia\u0142ania reklamowe<\/b>\u00a0w mediach spo\u0142eczno\u015bciowych (promocja produkt\u00f3w, us\u0142ug, prowadzenie kampanii informacyjnych);<\/li>\n<li><b>buzz marketing<\/b>\u00a0(\u201cszeptanie\u201d Klientom o danej marce, us\u0142udze czy produkcie i jego zaletach);<\/li>\n<li><b>moderacja<\/b>\u00a0oraz\u00a0<b>prowadzenie kreatywnej komunikacji z fanami<\/b>.<\/li>\n<\/ul>\n<p>&nbsp;<\/p>\n<p>Po wi\u0119cej informacji zapraszamy do\u00a0<a href=\"http:\/\/solutionsbhp.pl\/kontakt\/\" target=\"_blank\" rel=\"noopener\"><u><b>kontaktu<\/b><\/u><\/a>.[\/vc_column_text][\/vc_column][\/vc_row]<\/p>\n","protected":false},"excerpt":{"rendered":"<p>[vc_row][vc_column][vc_column_text]Za\u0142o\u017cenie oraz prowadzenie kana\u0142\u00f3w spo\u0142eczno\u015bciowych (fanpage firmy, Twitter i innych) to podstawa skutecznych dzia\u0142a\u0144 w\u00a0social mediach. Efektywne dzia\u0142ania w mediach<\/p>\n","protected":false},"author":1,"featured_media":0,"parent":679,"menu_order":0,"comment_status":"closed","ping_status":"closed","template":"","meta":[],"yoast_head":"<!-- This site is optimized with the Yoast SEO plugin v18.4.1 - https:\/\/yoast.com\/wordpress\/plugins\/seo\/ -->\n<title>szkolenia, doradztwo, dotacje<\/title>\n<meta name=\"description\" content=\"Szkolenia bhp i ppo\u017c., pozyskiwanie dotacji i rozliczanie projekt\u00f3w ze \u015brodk\u00f3w UE, organizacja event\u00f3w oraz szkole\u0144, w tym pozyskiwanie dofinansowania ze \u015brodk\u00f3w publicznych.\" \/>\n<meta name=\"robots\" content=\"index, follow, max-snippet:-1, max-image-preview:large, max-video-preview:-1\" \/>\n<link rel=\"canonical\" href=\"http:\/\/solutionsbhp.pl\/pl\/oferta\/social-media\/\" \/>\n<meta property=\"og:locale\" content=\"pl_PL\" \/>\n<meta property=\"og:type\" content=\"article\" \/>\n<meta property=\"og:title\" content=\"szkolenia, doradztwo, dotacje\" \/>\n<meta property=\"og:description\" content=\"Szkolenia bhp i ppo\u017c., pozyskiwanie dotacji i rozliczanie projekt\u00f3w ze \u015brodk\u00f3w UE, organizacja event\u00f3w oraz szkole\u0144, w tym pozyskiwanie dofinansowania ze \u015brodk\u00f3w publicznych.\" \/>\n<meta property=\"og:url\" content=\"http:\/\/solutionsbhp.pl\/pl\/oferta\/social-media\/\" \/>\n<meta property=\"og:site_name\" content=\"Solutions &amp; BHP\" \/>\n<meta property=\"article:modified_time\" content=\"2022-05-05T09:21:21+00:00\" \/>\n<meta name=\"twitter:card\" content=\"summary_large_image\" \/>\n<script type=\"application\/ld+json\" class=\"yoast-schema-graph\">{\"@context\":\"https:\/\/schema.org\",\"@graph\":[{\"@type\":\"Organization\",\"@id\":\"https:\/\/solutionsbhp.pl\/pl\/#organization\",\"name\":\"Solutions & BHP\",\"url\":\"https:\/\/solutionsbhp.pl\/pl\/\",\"sameAs\":[],\"logo\":{\"@type\":\"ImageObject\",\"@id\":\"https:\/\/solutionsbhp.pl\/pl\/#logo\",\"inLanguage\":\"pl-PL\",\"url\":\"http:\/\/solutionsbhp.pl\/wp-content\/uploads\/2017\/07\/favicon-ipad@2x.png\",\"contentUrl\":\"http:\/\/solutionsbhp.pl\/wp-content\/uploads\/2017\/07\/favicon-ipad@2x.png\",\"width\":144,\"height\":144,\"caption\":\"Solutions & BHP\"},\"image\":{\"@id\":\"https:\/\/solutionsbhp.pl\/pl\/#logo\"}},{\"@type\":\"WebSite\",\"@id\":\"https:\/\/solutionsbhp.pl\/pl\/#website\",\"url\":\"https:\/\/solutionsbhp.pl\/pl\/\",\"name\":\"Solutions & BHP\",\"description\":\"\",\"publisher\":{\"@id\":\"https:\/\/solutionsbhp.pl\/pl\/#organization\"},\"potentialAction\":[{\"@type\":\"SearchAction\",\"target\":{\"@type\":\"EntryPoint\",\"urlTemplate\":\"https:\/\/solutionsbhp.pl\/pl\/?s={search_term_string}\"},\"query-input\":\"required name=search_term_string\"}],\"inLanguage\":\"pl-PL\"},{\"@type\":\"WebPage\",\"@id\":\"http:\/\/solutionsbhp.pl\/pl\/oferta\/social-media\/#webpage\",\"url\":\"http:\/\/solutionsbhp.pl\/pl\/oferta\/social-media\/\",\"name\":\"szkolenia, doradztwo, dotacje\",\"isPartOf\":{\"@id\":\"https:\/\/solutionsbhp.pl\/pl\/#website\"},\"datePublished\":\"2022-04-20T11:30:59+00:00\",\"dateModified\":\"2022-05-05T09:21:21+00:00\",\"description\":\"Szkolenia bhp i ppo\u017c., pozyskiwanie dotacji i rozliczanie projekt\u00f3w ze \u015brodk\u00f3w UE, organizacja event\u00f3w oraz szkole\u0144, w tym pozyskiwanie dofinansowania ze \u015brodk\u00f3w publicznych.\",\"breadcrumb\":{\"@id\":\"http:\/\/solutionsbhp.pl\/pl\/oferta\/social-media\/#breadcrumb\"},\"inLanguage\":\"pl-PL\",\"potentialAction\":[{\"@type\":\"ReadAction\",\"target\":[\"http:\/\/solutionsbhp.pl\/pl\/oferta\/social-media\/\"]}]},{\"@type\":\"BreadcrumbList\",\"@id\":\"http:\/\/solutionsbhp.pl\/pl\/oferta\/social-media\/#breadcrumb\",\"itemListElement\":[{\"@type\":\"ListItem\",\"position\":1,\"name\":\"Strona g\u0142\u00f3wna\",\"item\":\"https:\/\/solutionsbhp.pl\/pl\/\"},{\"@type\":\"ListItem\",\"position\":2,\"name\":\"Oferta\",\"item\":\"https:\/\/solutionsbhp.pl\/pl\/oferta\/\"},{\"@type\":\"ListItem\",\"position\":3,\"name\":\"Social media\"}]}]}<\/script>\n<!-- \/ Yoast SEO plugin. -->","yoast_head_json":{"title":"szkolenia, doradztwo, dotacje","description":"Szkolenia bhp i ppo\u017c., pozyskiwanie dotacji i rozliczanie projekt\u00f3w ze \u015brodk\u00f3w UE, organizacja event\u00f3w oraz szkole\u0144, w tym pozyskiwanie dofinansowania ze \u015brodk\u00f3w publicznych.","robots":{"index":"index","follow":"follow","max-snippet":"max-snippet:-1","max-image-preview":"max-image-preview:large","max-video-preview":"max-video-preview:-1"},"canonical":"http:\/\/solutionsbhp.pl\/pl\/oferta\/social-media\/","og_locale":"pl_PL","og_type":"article","og_title":"szkolenia, doradztwo, dotacje","og_description":"Szkolenia bhp i ppo\u017c., pozyskiwanie dotacji i rozliczanie projekt\u00f3w ze \u015brodk\u00f3w UE, organizacja event\u00f3w oraz szkole\u0144, w tym pozyskiwanie dofinansowania ze \u015brodk\u00f3w publicznych.","og_url":"http:\/\/solutionsbhp.pl\/pl\/oferta\/social-media\/","og_site_name":"Solutions &amp; BHP","article_modified_time":"2022-05-05T09:21:21+00:00","twitter_card":"summary_large_image","schema":{"@context":"https:\/\/schema.org","@graph":[{"@type":"Organization","@id":"https:\/\/solutionsbhp.pl\/pl\/#organization","name":"Solutions & BHP","url":"https:\/\/solutionsbhp.pl\/pl\/","sameAs":[],"logo":{"@type":"ImageObject","@id":"https:\/\/solutionsbhp.pl\/pl\/#logo","inLanguage":"pl-PL","url":"http:\/\/solutionsbhp.pl\/wp-content\/uploads\/2017\/07\/favicon-ipad@2x.png","contentUrl":"http:\/\/solutionsbhp.pl\/wp-content\/uploads\/2017\/07\/favicon-ipad@2x.png","width":144,"height":144,"caption":"Solutions & BHP"},"image":{"@id":"https:\/\/solutionsbhp.pl\/pl\/#logo"}},{"@type":"WebSite","@id":"https:\/\/solutionsbhp.pl\/pl\/#website","url":"https:\/\/solutionsbhp.pl\/pl\/","name":"Solutions & BHP","description":"","publisher":{"@id":"https:\/\/solutionsbhp.pl\/pl\/#organization"},"potentialAction":[{"@type":"SearchAction","target":{"@type":"EntryPoint","urlTemplate":"https:\/\/solutionsbhp.pl\/pl\/?s={search_term_string}"},"query-input":"required name=search_term_string"}],"inLanguage":"pl-PL"},{"@type":"WebPage","@id":"http:\/\/solutionsbhp.pl\/pl\/oferta\/social-media\/#webpage","url":"http:\/\/solutionsbhp.pl\/pl\/oferta\/social-media\/","name":"szkolenia, doradztwo, dotacje","isPartOf":{"@id":"https:\/\/solutionsbhp.pl\/pl\/#website"},"datePublished":"2022-04-20T11:30:59+00:00","dateModified":"2022-05-05T09:21:21+00:00","description":"Szkolenia bhp i ppo\u017c., pozyskiwanie dotacji i rozliczanie projekt\u00f3w ze \u015brodk\u00f3w UE, organizacja event\u00f3w oraz szkole\u0144, w tym pozyskiwanie dofinansowania ze \u015brodk\u00f3w publicznych.","breadcrumb":{"@id":"http:\/\/solutionsbhp.pl\/pl\/oferta\/social-media\/#breadcrumb"},"inLanguage":"pl-PL","potentialAction":[{"@type":"ReadAction","target":["http:\/\/solutionsbhp.pl\/pl\/oferta\/social-media\/"]}]},{"@type":"BreadcrumbList","@id":"http:\/\/solutionsbhp.pl\/pl\/oferta\/social-media\/#breadcrumb","itemListElement":[{"@type":"ListItem","position":1,"name":"Strona g\u0142\u00f3wna","item":"https:\/\/solutionsbhp.pl\/pl\/"},{"@type":"ListItem","position":2,"name":"Oferta","item":"https:\/\/solutionsbhp.pl\/pl\/oferta\/"},{"@type":"ListItem","position":3,"name":"Social media"}]}]}},"_links":{"self":[{"href":"https:\/\/solutionsbhp.pl\/wp-json\/wp\/v2\/pages\/743"}],"collection":[{"href":"https:\/\/solutionsbhp.pl\/wp-json\/wp\/v2\/pages"}],"about":[{"href":"https:\/\/solutionsbhp.pl\/wp-json\/wp\/v2\/types\/page"}],"author":[{"embeddable":true,"href":"https:\/\/solutionsbhp.pl\/wp-json\/wp\/v2\/users\/1"}],"replies":[{"embeddable":true,"href":"https:\/\/solutionsbhp.pl\/wp-json\/wp\/v2\/comments?post=743"}],"version-history":[{"count":3,"href":"https:\/\/solutionsbhp.pl\/wp-json\/wp\/v2\/pages\/743\/revisions"}],"predecessor-version":[{"id":988,"href":"https:\/\/solutionsbhp.pl\/wp-json\/wp\/v2\/pages\/743\/revisions\/988"}],"up":[{"embeddable":true,"href":"https:\/\/solutionsbhp.pl\/wp-json\/wp\/v2\/pages\/679"}],"wp:attachment":[{"href":"https:\/\/solutionsbhp.pl\/wp-json\/wp\/v2\/media?parent=743"}],"curies":[{"name":"wp","href":"https:\/\/api.w.org\/{rel}","templated":true}]}}