{"id":758,"date":"2022-04-20T13:40:03","date_gmt":"2022-04-20T11:40:03","guid":{"rendered":"http:\/\/solutionsbhp.pl\/?page_id=758"},"modified":"2022-05-26T11:58:30","modified_gmt":"2022-05-26T09:58:30","slug":"fotowoltaika","status":"publish","type":"page","link":"https:\/\/solutionsbhp.pl\/fotowoltaika\/","title":{"rendered":"Fotowoltaika"},"content":{"rendered":"<p>[vc_row][vc_column][vc_column_text]<b>Fotowoltaika (potocznie b\u0142\u0119dnie w przestrzeni publicznej nazywana fotowoltanik\u0105) <\/b>to metoda wytwarzania energii elektrycznej bezpo\u015brednio z promieniowania s\u0142onecznego.<\/p>\n<p>Aby zamieni\u0107 \u015bwiat\u0142o s\u0142oneczne, w u\u017cyteczny pr\u0105d, niezb\u0119dne jest zamontowanie paneli fotowoltaicznych wraz z uzupe\u0142niaj\u0105cym oprzyrz\u0105dowaniem, w tym inwerterem\/ami zamieniaj\u0105cym\/i w ramach takiego systemu pr\u0105d sta\u0142y na pr\u0105d zmienny.<b> <\/b><\/p>\n<p>Dla istniej\u0105cych budynk\u00f3w moc instalacji <strong>dobiera si\u0119 do \u015bredniego zu\u017cycia energii elektrycznej\/miesi\u0105c za ostatni rok<\/strong>. W przypadku nowych budynk\u00f3w zu\u017cycie pr\u0105du nale\u017cy oszacowa\u0107 na podstawie planowanego wykorzystania, a wi\u0119c okre\u015bli\u0107 ilo\u015b\u0107 i rodzaj urz\u0105dze\u0144 energoch\u0142onnych oraz ich czas eksploatacji. Gdy podczas u\u017cytkowania instalacji ta oka\u017ce si\u0119 za ma\u0142a (np. w mi\u0119dzy czasie dokupi si\u0119 inne, energoch\u0142onne urz\u0105dzenia jak zmywark\u0119, ch\u0142odziarko-zamra\u017cark\u0119 czy klimatyzator), zawsze istnieje mo\u017cliwo\u015b\u0107 rozbudowy takiego systemu o nowe jednostki mocy oraz inwerter(y).<\/p>\n<p>Kolejnym niemniej wa\u017cnym czynnikiem przy analizie mo\u017cliwo\u015bci zaimplementowania fotowoltaiki jest <strong>okre\u015blenie mo\u017cliwo\u015bci technicznych na okre\u015blonej lokalizacji<\/strong>, w tym powierzchni dachu lub gruntu, kierunku ekspozycji powierzchni instalacyjnej wzgl\u0119dem s\u0142o\u0144ca oraz jej k\u0105ta nachylenia a tak\u017ce mo\u017cliwo\u015bci wyst\u0119powania tzw. zacienie\u0144. W przypadku braku optymalnych warunk\u00f3w, istnieje mo\u017cliwo\u015b\u0107 dobrania wi\u0119kszej mocy instalacji, tak by ta pokry\u0142a ca\u0142kowite zapotrzebowanie gospodarstwa na energi\u0119 elektryczn\u0105.<\/p>\n<p>Poni\u017cej w formularzu \u201e<strong>zapytaj o fotowoltaik\u0119<\/strong>\u201d u\u0142atwiamy Pa\u0144stwu mo\u017cliwo\u015b\u0107 podania tych\u017ce informacji, umo\u017cliwiaj\u0105cych przedstawienie wst\u0119pnej oferty.<\/p>\n<p>Dla naszych klient\u00f3w oferujemy nast\u0119puj\u0105ce rozwi\u0105zania:<\/p>\n<ul>\n<li><b>mikroinstalacje fotowoltaiczne o mocy do 50 kW<\/b> (przy\u0142\u0105czane do sieci o napi\u0119ciu ni\u017cszym ni\u017c 110kV) \u2013 otrzymuje si\u0119 w\u00f3wczas status <b>prosumenta<\/b>;<\/li>\n<li><b>ma\u0142e instalacje fotowoltaiczne o mocy 50-500 kW<\/b> (przy\u0142\u0105czane do sieci o napi\u0119ciu znamionowym ni\u017cszym ni\u017c 110kV) \u2013 otrzymuje si\u0119 w\u00f3wczas status <b>wytw\u00f3rcy energii w ma\u0142ej instalacji fotowoltaicznej<\/b>;<\/li>\n<li><b>du\u017ce instalacje fotowoltaiczne o mocy &gt;500 kW<\/b> (tzw. farmy fotowoltaicznej) \u2013 wymagana koncesja na produkcj\u0119 energii elektrycznej.<\/li>\n<\/ul>\n<h3><\/h3>\n<h3>Wa\u017cne!<\/h3>\n<h3>1 kwietnia 2022 r. ruszy\u0142 w Polsce nowy system rozlicze\u0144 dla prosument\u00f3w <b>net-billing<\/b>, kt\u00f3ry zast\u0105pi tak zwany system opust\u00f3w. Te nowe regulacje obejmuj\u0105 przede wszystkim nowych prosument\u00f3w, czyli w\u0142a\u015bcicieli mikroinstalacji o mocy do 50 kW.<\/h3>\n<p>&nbsp;<\/p>\n<p><b>Net-billing<\/b> oznacza, \u017ce prosumenci b\u0119d\u0105 mogli sprzedawa\u0107 wprowadzone do sieci nadwy\u017cki energii (ponad to co jest wyprodukowane na w\u0142asne potrzeby) po okre\u015blonej (hurtowej) cenie, ale za energi\u0119 pobran\u0105 b\u0119d\u0105 p\u0142aci\u0107 jak inni odbiorcy.<\/p>\n<p><b>Net-billing <\/b>to innymi s\u0142owy:<\/p>\n<ul>\n<li>sprzedasz nadwy\u017cek wyprodukowanej energii w mikroinstalacji PV <b>po cenach hurtowych<\/b>,<\/li>\n<li>kupno pr\u0105du, gdy si\u0119 go potrzebuje, <b>po cenach detalicznych*<\/b>.<\/li>\n<\/ul>\n<h6>* Ceny detaliczne s\u0105 wy\u017csze, poniewa\u017c zawieraj\u0105 op\u0142aty dystrybucyjne i inne oraz podatki.<\/h6>\n<p>Powy\u017cszy system ma na celu <strong>odwiedzenie inwestor\u00f3w od realizowania instalacji na wyrost<\/strong> (czyt. <strong>przewymiarowanych<\/strong>). Wed\u0142ug nowych zasad nadwy\u017ck\u0119 energii z danego miesi\u0105ca b\u0119dzie mo\u017cna wykorzysta\u0107 w ci\u0105gu roku, ale po przekroczeniu tego terminu otrzyma si\u0119 nadp\u0142at\u0119 w wysoko\u015bci tylko 20% warto\u015bci odprowadzonego pr\u0105du.<\/p>\n<p>&nbsp;<\/p>\n<h3><strong>Reasumuj\u0105c, od 1 kwietnia 2022 r. zamiast magazynowa\u0107 nadwy\u017cki energii w sieci energetycznej, prosument mo\u017ce je odsprzedawa\u0107.<\/strong><\/h3>\n<p>&nbsp;<\/p>\n<p>W ofercie na instalacje fotowoltaiczne korzystamy ze sprawdzonych marek, takich jak: <b>Longi<\/b><strong>, JA Solar,<\/strong> <b>Q CELLS <\/b>oraz\u00a0<b>Hyunday<\/b> dla paneli fotowoltaicznych,<\/p>\n<p><b><a href=\"https:\/\/www.longi.com\/en\/\"><img loading=\"lazy\" class=\"wp-image-1014 alignleft\" src=\"http:\/\/solutionsbhp.pl\/wp-content\/uploads\/2022\/05\/longi-150x150.png\" alt=\"\" width=\"75\" height=\"75\" srcset=\"https:\/\/solutionsbhp.pl\/wp-content\/uploads\/2022\/05\/longi-150x150.png 150w, https:\/\/solutionsbhp.pl\/wp-content\/uploads\/2022\/05\/longi-300x300.png 300w, https:\/\/solutionsbhp.pl\/wp-content\/uploads\/2022\/05\/longi-500x500.png 500w, https:\/\/solutionsbhp.pl\/wp-content\/uploads\/2022\/05\/longi-600x600.png 600w, https:\/\/solutionsbhp.pl\/wp-content\/uploads\/2022\/05\/longi-414x414.png 414w, https:\/\/solutionsbhp.pl\/wp-content\/uploads\/2022\/05\/longi-55x55.png 55w, https:\/\/solutionsbhp.pl\/wp-content\/uploads\/2022\/05\/longi-80x80.png 80w, https:\/\/solutionsbhp.pl\/wp-content\/uploads\/2022\/05\/longi.png 640w\" sizes=\"(max-width: 75px) 100vw, 75px\" \/><\/a><\/b><\/p>\n<p><a href=\"https:\/\/www.jasolar.pl\/\"><img loading=\"lazy\" class=\"alignleft wp-image-1019\" src=\"http:\/\/solutionsbhp.pl\/wp-content\/uploads\/2022\/05\/ja-solar@2x-300x105.png\" alt=\"\" width=\"214\" height=\"75\" srcset=\"https:\/\/solutionsbhp.pl\/wp-content\/uploads\/2022\/05\/ja-solar@2x-300x105.png 300w, https:\/\/solutionsbhp.pl\/wp-content\/uploads\/2022\/05\/ja-solar@2x.png 385w\" sizes=\"(max-width: 214px) 100vw, 214px\" \/><\/a><a href=\"https:\/\/pl.q-cells.com\/\"><img loading=\"lazy\" class=\"alignleft wp-image-1018\" src=\"http:\/\/solutionsbhp.pl\/wp-content\/uploads\/2022\/05\/Logo_Q_CELLS_PM-300x114.jpg\" alt=\"\" width=\"198\" height=\"75\" srcset=\"https:\/\/solutionsbhp.pl\/wp-content\/uploads\/2022\/05\/Logo_Q_CELLS_PM-300x114.jpg 300w, https:\/\/solutionsbhp.pl\/wp-content\/uploads\/2022\/05\/Logo_Q_CELLS_PM-1024x388.jpg 1024w, https:\/\/solutionsbhp.pl\/wp-content\/uploads\/2022\/05\/Logo_Q_CELLS_PM-768x291.jpg 768w, https:\/\/solutionsbhp.pl\/wp-content\/uploads\/2022\/05\/Logo_Q_CELLS_PM-700x265.jpg 700w, https:\/\/solutionsbhp.pl\/wp-content\/uploads\/2022\/05\/Logo_Q_CELLS_PM.jpg 1457w\" sizes=\"(max-width: 198px) 100vw, 198px\" \/><\/a><a href=\"https:\/\/eng.hyundai-es.co.kr\/\"><img loading=\"lazy\" class=\"alignleft wp-image-1017\" src=\"http:\/\/solutionsbhp.pl\/wp-content\/uploads\/2022\/05\/Logo_Hyundai_solutions-300x89.png\" alt=\"\" width=\"252\" height=\"75\" srcset=\"https:\/\/solutionsbhp.pl\/wp-content\/uploads\/2022\/05\/Logo_Hyundai_solutions-300x89.png 300w, https:\/\/solutionsbhp.pl\/wp-content\/uploads\/2022\/05\/Logo_Hyundai_solutions-768x228.png 768w, https:\/\/solutionsbhp.pl\/wp-content\/uploads\/2022\/05\/Logo_Hyundai_solutions-700x208.png 700w, https:\/\/solutionsbhp.pl\/wp-content\/uploads\/2022\/05\/Logo_Hyundai_solutions.png 925w\" sizes=\"(max-width: 252px) 100vw, 252px\" \/><\/a><\/p>\n<p>&nbsp;<\/p>\n<p>&nbsp;<\/p>\n<p>&nbsp;<\/p>\n<p>a z inwerter\u00f3w takich jak: <b>SMA<\/b>, <b>SolarEdge<\/b>, <b>Fronius<\/b>, <b>FoxESS<\/b> oraz <b>Huawei<\/b>.<\/p>\n<p><a href=\"https:\/\/www.sma-solar.pl\/\"><img loading=\"lazy\" class=\"wp-image-1021 alignleft\" src=\"http:\/\/solutionsbhp.pl\/wp-content\/uploads\/2022\/05\/Logo_SMA.svg_-300x197.png\" alt=\"\" width=\"114\" height=\"75\" srcset=\"https:\/\/solutionsbhp.pl\/wp-content\/uploads\/2022\/05\/Logo_SMA.svg_-300x197.png 300w, https:\/\/solutionsbhp.pl\/wp-content\/uploads\/2022\/05\/Logo_SMA.svg_-1024x673.png 1024w, https:\/\/solutionsbhp.pl\/wp-content\/uploads\/2022\/05\/Logo_SMA.svg_-768x505.png 768w, https:\/\/solutionsbhp.pl\/wp-content\/uploads\/2022\/05\/Logo_SMA.svg_-700x460.png 700w, https:\/\/solutionsbhp.pl\/wp-content\/uploads\/2022\/05\/Logo_SMA.svg_.png 1200w\" sizes=\"(max-width: 114px) 100vw, 114px\" \/><\/a><\/p>\n<p><a href=\"https:\/\/www.solaredge.com\/pl\"><img loading=\"lazy\" class=\"alignleft wp-image-1022\" src=\"http:\/\/solutionsbhp.pl\/wp-content\/uploads\/2022\/05\/Projekt-bez-tytulu4-300x169.jpg\" alt=\"\" width=\"133\" height=\"75\" srcset=\"https:\/\/solutionsbhp.pl\/wp-content\/uploads\/2022\/05\/Projekt-bez-tytulu4-300x169.jpg 300w, https:\/\/solutionsbhp.pl\/wp-content\/uploads\/2022\/05\/Projekt-bez-tytulu4-1024x576.jpg 1024w, https:\/\/solutionsbhp.pl\/wp-content\/uploads\/2022\/05\/Projekt-bez-tytulu4-768x432.jpg 768w, https:\/\/solutionsbhp.pl\/wp-content\/uploads\/2022\/05\/Projekt-bez-tytulu4-1536x864.jpg 1536w, https:\/\/solutionsbhp.pl\/wp-content\/uploads\/2022\/05\/Projekt-bez-tytulu4-700x394.jpg 700w, https:\/\/solutionsbhp.pl\/wp-content\/uploads\/2022\/05\/Projekt-bez-tytulu4-1200x675.jpg 1200w, https:\/\/solutionsbhp.pl\/wp-content\/uploads\/2022\/05\/Projekt-bez-tytulu4-555x311.jpg 555w, https:\/\/solutionsbhp.pl\/wp-content\/uploads\/2022\/05\/Projekt-bez-tytulu4.jpg 1920w\" sizes=\"(max-width: 133px) 100vw, 133px\" \/><\/a><\/p>\n<p><a href=\"https:\/\/www.fronius.com\/pl-pl\/poland\"><img loading=\"lazy\" class=\"alignleft wp-image-1023\" src=\"http:\/\/solutionsbhp.pl\/wp-content\/uploads\/2022\/05\/Fronius-Logo-300x85.png\" alt=\"\" width=\"265\" height=\"75\" srcset=\"https:\/\/solutionsbhp.pl\/wp-content\/uploads\/2022\/05\/Fronius-Logo-300x85.png 300w, https:\/\/solutionsbhp.pl\/wp-content\/uploads\/2022\/05\/Fronius-Logo.png 600w\" sizes=\"(max-width: 265px) 100vw, 265px\" \/><\/a><\/p>\n<p><a href=\"https:\/\/www.fox-ess.pro\/\"><img loading=\"lazy\" class=\"alignleft wp-image-1024\" src=\"http:\/\/solutionsbhp.pl\/wp-content\/uploads\/2022\/05\/pobrane-300x147.png\" alt=\"\" width=\"153\" height=\"75\" srcset=\"https:\/\/solutionsbhp.pl\/wp-content\/uploads\/2022\/05\/pobrane-300x147.png 300w, https:\/\/solutionsbhp.pl\/wp-content\/uploads\/2022\/05\/pobrane.png 407w\" sizes=\"(max-width: 153px) 100vw, 153px\" \/><\/a><\/p>\n<p><a href=\"https:\/\/solar.huawei.com\/pl\/\"><img loading=\"lazy\" class=\"alignleft wp-image-1025\" src=\"http:\/\/solutionsbhp.pl\/wp-content\/uploads\/2022\/05\/Huawei-logo-fotowoltaika-300x76.jpg\" alt=\"\" width=\"294\" height=\"75\" srcset=\"https:\/\/solutionsbhp.pl\/wp-content\/uploads\/2022\/05\/Huawei-logo-fotowoltaika-300x76.jpg 300w, https:\/\/solutionsbhp.pl\/wp-content\/uploads\/2022\/05\/Huawei-logo-fotowoltaika.jpg 636w\" sizes=\"(max-width: 294px) 100vw, 294px\" \/><\/a><\/p>\n<p>&nbsp;<\/p>\n<p>&nbsp;<\/p>\n<p>&nbsp;<\/p>\n<p>&nbsp;<\/p>\n<p><b>Zapraszamy do skorzystania z naszej oferty!<\/b><\/p>\n<p>&nbsp;<\/p>\n<p><strong>Zapytaj o fotowoltaik\u0119 dla domu\/dla firmy:<\/strong>[\/vc_column_text]<div role=\"form\" class=\"wpcf7\" id=\"wpcf7-f764-o1\" lang=\"pl-PL\" dir=\"ltr\">\n<div class=\"screen-reader-response\"><p role=\"status\" aria-live=\"polite\" aria-atomic=\"true\"><\/p> <ul><\/ul><\/div>\n<form action=\"\/wp-json\/wp\/v2\/pages\/758#wpcf7-f764-o1\" method=\"post\" class=\"wpcf7-form init\" novalidate=\"novalidate\" data-status=\"init\">\n<div style=\"display: none;\">\n<input type=\"hidden\" name=\"_wpcf7\" value=\"764\" \/>\n<input type=\"hidden\" name=\"_wpcf7_version\" value=\"5.5.6\" \/>\n<input type=\"hidden\" name=\"_wpcf7_locale\" value=\"pl_PL\" \/>\n<input type=\"hidden\" name=\"_wpcf7_unit_tag\" value=\"wpcf7-f764-o1\" \/>\n<input type=\"hidden\" name=\"_wpcf7_container_post\" value=\"0\" \/>\n<input type=\"hidden\" name=\"_wpcf7_posted_data_hash\" value=\"\" \/>\n<input type=\"hidden\" name=\"_wpcf7_recaptcha_response\" value=\"\" \/>\n<\/div>\n<div id=\"commentform\">\n<p class=\"one-half\"><label>Imi\u0119 i nazwisko *<\/label><span class=\"wpcf7-form-control-wrap your-name\"><input type=\"text\" name=\"your-name\" value=\"\" size=\"40\" class=\"wpcf7-form-control wpcf7-text wpcf7-validates-as-required\" aria-required=\"true\" aria-invalid=\"false\" \/><\/span> <\/p>\n<p class=\"one-half\"><label>Nazwa firmy *<\/label><span class=\"wpcf7-form-control-wrap your-company\"><input type=\"text\" name=\"your-company\" value=\"\" size=\"40\" class=\"wpcf7-form-control wpcf7-text wpcf7-validates-as-required\" aria-required=\"true\" aria-invalid=\"false\" \/><\/span> <\/p>\n<p class=\"one-half\"><label>Telefon<\/label><span class=\"wpcf7-form-control-wrap your-phone\"><input type=\"tel\" name=\"your-phone\" value=\"\" size=\"40\" class=\"wpcf7-form-control wpcf7-text wpcf7-tel wpcf7-validates-as-tel\" aria-invalid=\"false\" \/><\/span> <\/p>\n<p class=\"one-half\"><label>Adres email *<\/label><span class=\"wpcf7-form-control-wrap your-email\"><input type=\"email\" name=\"your-email\" value=\"\" size=\"40\" class=\"wpcf7-form-control wpcf7-text wpcf7-email wpcf7-validates-as-required wpcf7-validates-as-email\" aria-required=\"true\" aria-invalid=\"false\" \/><\/span> <\/p>\n<p class=\"one-half\">\n<label>Rodzaj instalacji<\/label><br \/>\n<span class=\"wpcf7-form-control-wrap menu-971\"><select name=\"menu-971\" class=\"wpcf7-form-control wpcf7-select\" aria-invalid=\"false\"><option value=\"na dachu\">na dachu<\/option><option value=\"na gruncie\">na gruncie<\/option><option value=\"mix\">mix<\/option><\/select><\/span>\n<\/p>\n<p class=\"one-half\">\n<label>Zu\u017cycie energii elektrycznej w ostatnim roku kalendarzowym (kWh)<\/label><br \/>\n<span class=\"wpcf7-form-control-wrap text-774\"><input type=\"text\" name=\"text-774\" value=\"\" size=\"40\" class=\"wpcf7-form-control wpcf7-text\" aria-invalid=\"false\" \/><\/span>\n<\/p>\n<p><input type=\"submit\" value=\"Wy\u015blij\" class=\"wpcf7-form-control has-spinner wpcf7-submit btn-ripple\" \/><\/p>\n<p style=\"font-size:14px; line-height: 20px;\">Wysy\u0142aj\u0105c formularz akceptujesz zasady polityki prywatno\u015bci serwisu <a href=\"http:\/\/www.solutionsbhp.pl\" target=\"_blank\">www.solutionsbhp.pl<\/a><br \/>\nInformacje zawarte w formularzu b\u0119d\u0105 wykorzystywane przez nasz\u0105 firm\u0119 wy\u0142\u0105cznie w celach wsp\u00f3\u0142pracy.\n<\/p>\n<\/div>\n<div class=\"wpcf7-response-output\" aria-hidden=\"true\"><\/div><\/form><\/div>[\/vc_column][\/vc_row]<\/p>\n","protected":false},"excerpt":{"rendered":"<p>[vc_row][vc_column][vc_column_text]Fotowoltaika (potocznie b\u0142\u0119dnie w przestrzeni publicznej nazywana fotowoltanik\u0105) to metoda wytwarzania energii elektrycznej bezpo\u015brednio z promieniowania s\u0142onecznego. Aby zamieni\u0107 \u015bwiat\u0142o<\/p>\n","protected":false},"author":1,"featured_media":0,"parent":0,"menu_order":0,"comment_status":"closed","ping_status":"closed","template":"","meta":[],"yoast_head":"<!-- This site is optimized with the Yoast SEO plugin v18.4.1 - https:\/\/yoast.com\/wordpress\/plugins\/seo\/ -->\n<title>szkolenia, doradztwo, dotacje<\/title>\n<meta name=\"description\" content=\"Szkolenia bhp i ppo\u017c., pozyskiwanie dotacji i rozliczanie projekt\u00f3w ze \u015brodk\u00f3w UE, organizacja event\u00f3w oraz szkole\u0144, w tym pozyskiwanie dofinansowania ze \u015brodk\u00f3w publicznych.\" \/>\n<meta name=\"robots\" content=\"index, follow, max-snippet:-1, max-image-preview:large, max-video-preview:-1\" \/>\n<link rel=\"canonical\" href=\"http:\/\/solutionsbhp.pl\/pl\/fotowoltaika\/\" \/>\n<meta property=\"og:locale\" content=\"pl_PL\" \/>\n<meta property=\"og:type\" content=\"article\" \/>\n<meta property=\"og:title\" content=\"szkolenia, doradztwo, dotacje\" \/>\n<meta property=\"og:description\" content=\"Szkolenia bhp i ppo\u017c., pozyskiwanie dotacji i rozliczanie projekt\u00f3w ze \u015brodk\u00f3w UE, organizacja event\u00f3w oraz szkole\u0144, w tym pozyskiwanie dofinansowania ze \u015brodk\u00f3w publicznych.\" \/>\n<meta property=\"og:url\" content=\"http:\/\/solutionsbhp.pl\/pl\/fotowoltaika\/\" \/>\n<meta property=\"og:site_name\" content=\"Solutions &amp; BHP\" \/>\n<meta property=\"article:modified_time\" content=\"2022-05-26T09:58:30+00:00\" \/>\n<meta property=\"og:image\" content=\"http:\/\/solutionsbhp.pl\/wp-content\/uploads\/2022\/05\/longi-150x150.png\" \/>\n<meta name=\"twitter:card\" content=\"summary_large_image\" \/>\n<meta name=\"twitter:label1\" content=\"Szacowany czas czytania\" \/>\n\t<meta name=\"twitter:data1\" content=\"5 minut\" \/>\n<script type=\"application\/ld+json\" class=\"yoast-schema-graph\">{\"@context\":\"https:\/\/schema.org\",\"@graph\":[{\"@type\":\"Organization\",\"@id\":\"https:\/\/solutionsbhp.pl\/pl\/#organization\",\"name\":\"Solutions & BHP\",\"url\":\"https:\/\/solutionsbhp.pl\/pl\/\",\"sameAs\":[],\"logo\":{\"@type\":\"ImageObject\",\"@id\":\"https:\/\/solutionsbhp.pl\/pl\/#logo\",\"inLanguage\":\"pl-PL\",\"url\":\"http:\/\/solutionsbhp.pl\/wp-content\/uploads\/2017\/07\/favicon-ipad@2x.png\",\"contentUrl\":\"http:\/\/solutionsbhp.pl\/wp-content\/uploads\/2017\/07\/favicon-ipad@2x.png\",\"width\":144,\"height\":144,\"caption\":\"Solutions & BHP\"},\"image\":{\"@id\":\"https:\/\/solutionsbhp.pl\/pl\/#logo\"}},{\"@type\":\"WebSite\",\"@id\":\"https:\/\/solutionsbhp.pl\/pl\/#website\",\"url\":\"https:\/\/solutionsbhp.pl\/pl\/\",\"name\":\"Solutions & BHP\",\"description\":\"\",\"publisher\":{\"@id\":\"https:\/\/solutionsbhp.pl\/pl\/#organization\"},\"potentialAction\":[{\"@type\":\"SearchAction\",\"target\":{\"@type\":\"EntryPoint\",\"urlTemplate\":\"https:\/\/solutionsbhp.pl\/pl\/?s={search_term_string}\"},\"query-input\":\"required name=search_term_string\"}],\"inLanguage\":\"pl-PL\"},{\"@type\":\"ImageObject\",\"@id\":\"http:\/\/solutionsbhp.pl\/pl\/fotowoltaika\/#primaryimage\",\"inLanguage\":\"pl-PL\",\"url\":\"https:\/\/solutionsbhp.pl\/wp-content\/uploads\/2022\/05\/longi.png\",\"contentUrl\":\"https:\/\/solutionsbhp.pl\/wp-content\/uploads\/2022\/05\/longi.png\",\"width\":640,\"height\":640},{\"@type\":\"WebPage\",\"@id\":\"http:\/\/solutionsbhp.pl\/pl\/fotowoltaika\/#webpage\",\"url\":\"http:\/\/solutionsbhp.pl\/pl\/fotowoltaika\/\",\"name\":\"szkolenia, doradztwo, dotacje\",\"isPartOf\":{\"@id\":\"https:\/\/solutionsbhp.pl\/pl\/#website\"},\"primaryImageOfPage\":{\"@id\":\"http:\/\/solutionsbhp.pl\/pl\/fotowoltaika\/#primaryimage\"},\"datePublished\":\"2022-04-20T11:40:03+00:00\",\"dateModified\":\"2022-05-26T09:58:30+00:00\",\"description\":\"Szkolenia bhp i ppo\u017c., pozyskiwanie dotacji i rozliczanie projekt\u00f3w ze \u015brodk\u00f3w UE, organizacja event\u00f3w oraz szkole\u0144, w tym pozyskiwanie dofinansowania ze \u015brodk\u00f3w publicznych.\",\"breadcrumb\":{\"@id\":\"http:\/\/solutionsbhp.pl\/pl\/fotowoltaika\/#breadcrumb\"},\"inLanguage\":\"pl-PL\",\"potentialAction\":[{\"@type\":\"ReadAction\",\"target\":[\"http:\/\/solutionsbhp.pl\/pl\/fotowoltaika\/\"]}]},{\"@type\":\"BreadcrumbList\",\"@id\":\"http:\/\/solutionsbhp.pl\/pl\/fotowoltaika\/#breadcrumb\",\"itemListElement\":[{\"@type\":\"ListItem\",\"position\":1,\"name\":\"Strona g\u0142\u00f3wna\",\"item\":\"https:\/\/solutionsbhp.pl\/pl\/\"},{\"@type\":\"ListItem\",\"position\":2,\"name\":\"Fotowoltaika\"}]}]}<\/script>\n<!-- \/ Yoast SEO plugin. -->","yoast_head_json":{"title":"szkolenia, doradztwo, dotacje","description":"Szkolenia bhp i ppo\u017c., pozyskiwanie dotacji i rozliczanie projekt\u00f3w ze \u015brodk\u00f3w UE, organizacja event\u00f3w oraz szkole\u0144, w tym pozyskiwanie dofinansowania ze \u015brodk\u00f3w publicznych.","robots":{"index":"index","follow":"follow","max-snippet":"max-snippet:-1","max-image-preview":"max-image-preview:large","max-video-preview":"max-video-preview:-1"},"canonical":"http:\/\/solutionsbhp.pl\/pl\/fotowoltaika\/","og_locale":"pl_PL","og_type":"article","og_title":"szkolenia, doradztwo, dotacje","og_description":"Szkolenia bhp i ppo\u017c., pozyskiwanie dotacji i rozliczanie projekt\u00f3w ze \u015brodk\u00f3w UE, organizacja event\u00f3w oraz szkole\u0144, w tym pozyskiwanie dofinansowania ze \u015brodk\u00f3w publicznych.","og_url":"http:\/\/solutionsbhp.pl\/pl\/fotowoltaika\/","og_site_name":"Solutions &amp; BHP","article_modified_time":"2022-05-26T09:58:30+00:00","og_image":[{"url":"http:\/\/solutionsbhp.pl\/wp-content\/uploads\/2022\/05\/longi-150x150.png"}],"twitter_card":"summary_large_image","twitter_misc":{"Szacowany czas czytania":"5 minut"},"schema":{"@context":"https:\/\/schema.org","@graph":[{"@type":"Organization","@id":"https:\/\/solutionsbhp.pl\/pl\/#organization","name":"Solutions & BHP","url":"https:\/\/solutionsbhp.pl\/pl\/","sameAs":[],"logo":{"@type":"ImageObject","@id":"https:\/\/solutionsbhp.pl\/pl\/#logo","inLanguage":"pl-PL","url":"http:\/\/solutionsbhp.pl\/wp-content\/uploads\/2017\/07\/favicon-ipad@2x.png","contentUrl":"http:\/\/solutionsbhp.pl\/wp-content\/uploads\/2017\/07\/favicon-ipad@2x.png","width":144,"height":144,"caption":"Solutions & BHP"},"image":{"@id":"https:\/\/solutionsbhp.pl\/pl\/#logo"}},{"@type":"WebSite","@id":"https:\/\/solutionsbhp.pl\/pl\/#website","url":"https:\/\/solutionsbhp.pl\/pl\/","name":"Solutions & BHP","description":"","publisher":{"@id":"https:\/\/solutionsbhp.pl\/pl\/#organization"},"potentialAction":[{"@type":"SearchAction","target":{"@type":"EntryPoint","urlTemplate":"https:\/\/solutionsbhp.pl\/pl\/?s={search_term_string}"},"query-input":"required name=search_term_string"}],"inLanguage":"pl-PL"},{"@type":"ImageObject","@id":"http:\/\/solutionsbhp.pl\/pl\/fotowoltaika\/#primaryimage","inLanguage":"pl-PL","url":"https:\/\/solutionsbhp.pl\/wp-content\/uploads\/2022\/05\/longi.png","contentUrl":"https:\/\/solutionsbhp.pl\/wp-content\/uploads\/2022\/05\/longi.png","width":640,"height":640},{"@type":"WebPage","@id":"http:\/\/solutionsbhp.pl\/pl\/fotowoltaika\/#webpage","url":"http:\/\/solutionsbhp.pl\/pl\/fotowoltaika\/","name":"szkolenia, doradztwo, dotacje","isPartOf":{"@id":"https:\/\/solutionsbhp.pl\/pl\/#website"},"primaryImageOfPage":{"@id":"http:\/\/solutionsbhp.pl\/pl\/fotowoltaika\/#primaryimage"},"datePublished":"2022-04-20T11:40:03+00:00","dateModified":"2022-05-26T09:58:30+00:00","description":"Szkolenia bhp i ppo\u017c., pozyskiwanie dotacji i rozliczanie projekt\u00f3w ze \u015brodk\u00f3w UE, organizacja event\u00f3w oraz szkole\u0144, w tym pozyskiwanie dofinansowania ze \u015brodk\u00f3w publicznych.","breadcrumb":{"@id":"http:\/\/solutionsbhp.pl\/pl\/fotowoltaika\/#breadcrumb"},"inLanguage":"pl-PL","potentialAction":[{"@type":"ReadAction","target":["http:\/\/solutionsbhp.pl\/pl\/fotowoltaika\/"]}]},{"@type":"BreadcrumbList","@id":"http:\/\/solutionsbhp.pl\/pl\/fotowoltaika\/#breadcrumb","itemListElement":[{"@type":"ListItem","position":1,"name":"Strona g\u0142\u00f3wna","item":"https:\/\/solutionsbhp.pl\/pl\/"},{"@type":"ListItem","position":2,"name":"Fotowoltaika"}]}]}},"_links":{"self":[{"href":"https:\/\/solutionsbhp.pl\/wp-json\/wp\/v2\/pages\/758"}],"collection":[{"href":"https:\/\/solutionsbhp.pl\/wp-json\/wp\/v2\/pages"}],"about":[{"href":"https:\/\/solutionsbhp.pl\/wp-json\/wp\/v2\/types\/page"}],"author":[{"embeddable":true,"href":"https:\/\/solutionsbhp.pl\/wp-json\/wp\/v2\/users\/1"}],"replies":[{"embeddable":true,"href":"https:\/\/solutionsbhp.pl\/wp-json\/wp\/v2\/comments?post=758"}],"version-history":[{"count":4,"href":"https:\/\/solutionsbhp.pl\/wp-json\/wp\/v2\/pages\/758\/revisions"}],"predecessor-version":[{"id":1029,"href":"https:\/\/solutionsbhp.pl\/wp-json\/wp\/v2\/pages\/758\/revisions\/1029"}],"wp:attachment":[{"href":"https:\/\/solutionsbhp.pl\/wp-json\/wp\/v2\/media?parent=758"}],"curies":[{"name":"wp","href":"https:\/\/api.w.org\/{rel}","templated":true}]}}